{"id":61,"date":"2024-06-10T08:25:52","date_gmt":"2024-06-10T08:25:52","guid":{"rendered":"http:\/\/xtratheme.combusiness-2\/?page_id=10"},"modified":"2025-10-13T17:58:22","modified_gmt":"2025-10-13T15:58:22","slug":"contact","status":"publish","type":"page","link":"https:\/\/suncrown-trading.com\/fr\/contact\/","title":{"rendered":"Contactez-nous"},"content":{"rendered":"<div class=\"wpb-content-wrapper\"><p>[vc_row css=\u00a0\u00bb.vc_custom_1527530317716{padding-top: 50px !important;background-position: center !important;background-repeat: no-repeat !important;background-size: cover !important;border-radius: 20px !important;}\u00a0\u00bb][vc_column width=\u00a0\u00bb1\/2&Prime;]<div class=\"cz_gap clr \" style=\"height: 30px\"><\/div><div id=\"cz_78846\" class=\"cz_78846 cz_title clr cz_title_pos_inline\"><div class=\"cz_title_content\"><div class=\"cz_wpe_content\"><h2>Prenez <span style=\"color: #d1a761;\">contact<\/span> avec nous<\/h2>\n<\/div><\/div><\/div><div class=\"cz_gap clr \" style=\"height: 25px\"><\/div>[vc_column_text css=\u00a0\u00bb\u00a0\u00bb]Nous serions ravis d\u2019avoir de vos nouvelles ! Que vous ayez une question, un commentaire ou besoin d\u2019assistance, notre \u00e9quipe est l\u00e0 pour vous aider. Veuillez remplir le formulaire \u00e0 droite et nous vous r\u00e9pondrons dans les plus brefs d\u00e9lais.[\/vc_column_text]<ul id=\"cz_49002\" class=\"cz_49002 cz_stylish_list clr cz_sl_icon_hover_zoom_in\"><li class=\"clr\"><div class=\"cz_sl_icon\"><i class=\"fas fa-map-marker-alt mr10\"><\/i><\/div><div><span>Centre Urbain Nord - City center E3 B10 - 1082 Tunis<\/span><\/div><\/li><li class=\"clr\"><a href=\"mailto:mohamed.bensaid@suncrown-trading.com\" title=\"Email Us\"><div class=\"cz_sl_icon\"><i class=\"fas fa-envelope mr10\"><\/i><\/div><div><span>mohamed.bensaid@suncrown-trading.com<\/span><\/div><\/a><\/li><li class=\"clr\"><a href=\"tel:0021656159212\"><div class=\"cz_sl_icon\"><i class=\"fas fa-phone-alt mr10\"><\/i><\/div><div><span>(+216) 56 159 212<\/span><\/div><\/a><\/li><li class=\"clr\"><div class=\"cz_sl_icon\"><i class=\"fas fa-fax mr10\"><\/i><\/div><div><span>(+216) 70 728 459 \/ (+216) 70 728 675<\/span><\/div><\/li><li class=\"clr\"><a href=\"https:\/\/api.whatsapp.com\/send?phone=21656159212\"><div class=\"cz_sl_icon\"><i class=\"fa czico-013-whatsapp-logo mr10\"><\/i><\/div><div><span>(+216) 56 159 212<\/span><\/div><\/a><\/li><\/ul><div class=\"cz_gap clr \" style=\"height: 20px\"><\/div><div id=\"cz_33510\" class=\"cz_33510 cz_social_icons cz_social clr cz_social_fx_0 tal cz_social_colored_bg_hover cz_tooltip cz_tooltip_up\"><a href=\"#\" class=\"cz-facebook-f\" target=\"_blank\" rel=\"noopener noreferrer\" data-title=\"Facebook\" aria-label=\"Facebook\"><i class=\"fab fa-facebook-f\"><\/i><\/a><a href=\"#\" class=\"cz-instagram\" target=\"_blank\" rel=\"noopener noreferrer\" data-title=\"Instagram\" aria-label=\"Instagram\"><i class=\"fab fa-instagram\"><\/i><\/a><a href=\"#\" class=\"cz-linkedin-in\" target=\"_blank\" rel=\"noopener noreferrer\" data-title=\"Linkedin\" aria-label=\"Linkedin\"><i class=\"fab fa-linkedin-in\"><\/i><\/a><\/div><div class=\"cz_gap clr \" style=\"height: 20px\"><\/div>[\/vc_column][vc_column width=\u00a0\u00bb1\/2&Prime; css=\u00a0\u00bb.vc_custom_1760179015402{background-color: #060931 !important;}\u00a0\u00bb el_class=\u00a0\u00bbblue_section\u00a0\u00bb]<div id=\"cz_54846\" class=\"cz_54846 cz_cf7 clr\"><div>\n<div class=\"wpcf7 no-js\" id=\"wpcf7-f2127-o1\" lang=\"en-US\" dir=\"ltr\" data-wpcf7-id=\"2127\">\n<div class=\"screen-reader-response\"><p role=\"status\" aria-live=\"polite\" aria-atomic=\"true\"><\/p> <ul><\/ul><\/div>\n<form action=\"\/fr\/wp-json\/wp\/v2\/pages\/61#wpcf7-f2127-o1\" method=\"post\" class=\"wpcf7-form init\" aria-label=\"Contact form\" novalidate=\"novalidate\" data-status=\"init\">\n<fieldset class=\"hidden-fields-container\"><input type=\"hidden\" name=\"_wpcf7\" value=\"2127\" \/><input type=\"hidden\" name=\"_wpcf7_version\" value=\"6.1.2\" \/><input type=\"hidden\" name=\"_wpcf7_locale\" value=\"en_US\" \/><input type=\"hidden\" name=\"_wpcf7_unit_tag\" value=\"wpcf7-f2127-o1\" \/><input type=\"hidden\" name=\"_wpcf7_container_post\" value=\"0\" \/><input type=\"hidden\" name=\"_wpcf7_posted_data_hash\" value=\"\" \/>\n<\/fieldset>\n<p><label> Full name (*) <\/label><br \/>\n<span class=\"wpcf7-form-control-wrap\" data-name=\"your-name\"><input size=\"40\" maxlength=\"400\" class=\"wpcf7-form-control wpcf7-text wpcf7-validates-as-required\" aria-required=\"true\" aria-invalid=\"false\" value=\"\" type=\"text\" name=\"your-name\" \/><\/span>\n<\/p>\n<p><label> Email (*) <\/label><br \/>\n<span class=\"wpcf7-form-control-wrap\" data-name=\"your-email\"><input size=\"40\" maxlength=\"400\" class=\"wpcf7-form-control wpcf7-email wpcf7-validates-as-required wpcf7-text wpcf7-validates-as-email\" aria-required=\"true\" aria-invalid=\"false\" value=\"\" type=\"email\" name=\"your-email\" \/><\/span>\n<\/p>\n<p><label> Phone <\/label><br \/>\n<span class=\"wpcf7-form-control-wrap\" data-name=\"your-phone\"><input size=\"40\" maxlength=\"400\" class=\"wpcf7-form-control wpcf7-text\" aria-invalid=\"false\" value=\"\" type=\"text\" name=\"your-phone\" \/><\/span>\n<\/p>\n<p><label> Subject <\/label><br \/>\n<span class=\"wpcf7-form-control-wrap\" data-name=\"your-subject\"><input size=\"40\" maxlength=\"400\" class=\"wpcf7-form-control wpcf7-text\" aria-invalid=\"false\" value=\"\" type=\"text\" name=\"your-subject\" \/><\/span>\n<\/p>\n<p><label> Message <\/label><br \/>\n<span class=\"wpcf7-form-control-wrap\" data-name=\"your-message\"><textarea cols=\"40\" rows=\"10\" maxlength=\"2000\" class=\"wpcf7-form-control wpcf7-textarea\" aria-invalid=\"false\" name=\"your-message\"><\/textarea><\/span>\n<\/p>\n<div class=\"g-recaptcha-wrap\" style=\"padding:10px 0 10px 0\">\n\t<div  class=\"g-recaptcha\" data-sitekey=\"6LeXMekrAAAAANYksxj5mwPFGJWit5EHNjLZTc5O\">\n\t<\/div>\n<\/div>\n<p><span class='wpcf7-form-control-wrap' data-name='aiowps-captcha'><\/span><input class=\"wpcf7-form-control wpcf7-submit has-spinner\" type=\"submit\" value=\"Send\" \/>\n<\/p><div class=\"wpcf7-response-output\" aria-hidden=\"true\"><\/div>\n<\/form>\n<\/div>\n<\/div><\/div><div class=\"cz_gap clr \" style=\"height: 60px\"><\/div>[\/vc_column][\/vc_row][vc_row full_width=\u00a0\u00bbstretch_row_content_no_spaces\u00a0\u00bb][vc_column][vc_column_text css=\u00a0\u00bb.vc_custom_1760269949703{margin-bottom: 0px !important;}\u00a0\u00bb]<iframe style=\"border: 0;\" src=\"https:\/\/www.google.com\/maps\/embed?pb=!1m17!1m12!1m3!1d3192.7330909143866!2d10.18552844932765!3d36.848867900857535!2m3!1f0!2f0!3f0!3m2!1i1024!2i768!4f13.1!3m2!1m1!2zMzbCsDUwJzU1LjkiTiAxMMKwMTEnMjUuNCJF!5e0!3m2!1sfr!2stn!4v1760269855759!5m2!1sfr!2stn\" width=\"100%\" height=\"450\" allowfullscreen=\"allowfullscreen\"><\/iframe>[\/vc_column_text][\/vc_column][\/vc_row]<\/p>\n<\/div>","protected":false},"excerpt":{"rendered":"<p>[vc_row css=\u00a0\u00bb.vc_custom_1527530317716{padding-top: 50px !important;background-position: center !important;background-repeat: no-repeat !important;background-size: cover !important;border-radius: 20px &#8230; <\/p>\n","protected":false},"author":1,"featured_media":0,"parent":0,"menu_order":0,"comment_status":"closed","ping_status":"closed","template":"","meta":{"footnotes":""},"yst_prominent_words":[],"class_list":["post-61","page","type-page","status-publish","hentry"],"_links":{"self":[{"href":"https:\/\/suncrown-trading.com\/fr\/wp-json\/wp\/v2\/pages\/61","targetHints":{"allow":["GET"]}}],"collection":[{"href":"https:\/\/suncrown-trading.com\/fr\/wp-json\/wp\/v2\/pages"}],"about":[{"href":"https:\/\/suncrown-trading.com\/fr\/wp-json\/wp\/v2\/types\/page"}],"author":[{"embeddable":true,"href":"https:\/\/suncrown-trading.com\/fr\/wp-json\/wp\/v2\/users\/1"}],"replies":[{"embeddable":true,"href":"https:\/\/suncrown-trading.com\/fr\/wp-json\/wp\/v2\/comments?post=61"}],"version-history":[{"count":19,"href":"https:\/\/suncrown-trading.com\/fr\/wp-json\/wp\/v2\/pages\/61\/revisions"}],"predecessor-version":[{"id":2132,"href":"https:\/\/suncrown-trading.com\/fr\/wp-json\/wp\/v2\/pages\/61\/revisions\/2132"}],"wp:attachment":[{"href":"https:\/\/suncrown-trading.com\/fr\/wp-json\/wp\/v2\/media?parent=61"}],"wp:term":[{"taxonomy":"yst_prominent_words","embeddable":true,"href":"https:\/\/suncrown-trading.com\/fr\/wp-json\/wp\/v2\/yst_prominent_words?post=61"}],"curies":[{"name":"wp","href":"https:\/\/api.w.org\/{rel}","templated":true}]}}