{"id":2010,"date":"2025-10-12T10:48:24","date_gmt":"2025-10-12T08:48:24","guid":{"rendered":"https:\/\/suncrown-trading.com\/?page_id=2010"},"modified":"2025-10-12T11:03:12","modified_gmt":"2025-10-12T09:03:12","slug":"deglet-nour-naturelles","status":"publish","type":"page","link":"https:\/\/suncrown-trading.com\/fr\/deglet-nour-naturelles\/","title":{"rendered":"Deglet Nour naturelles"},"content":{"rendered":"<div class=\"wpb-content-wrapper\"><p>[vc_row][vc_column width=\u00a0\u00bb1\/2&Prime; el_class=\u00a0\u00bbcz_sticky_col\u00a0\u00bb][vc_column_text css=\u00a0\u00bb\u00a0\u00bb]<\/p>\n<h2><span style=\"color: #d1a761;\">Deglet Nour<\/span> naturelles<\/h2>\n<p>Les dattes Deglet Nour naturelles, moelleuses et d\u00e9licatement sucr\u00e9es, sont un v\u00e9ritable concentr\u00e9 de saveurs. Riches en fibres, vitamines et min\u00e9raux, elles sont parfaites pour une collation saine ou pour enrichir vos recettes sucr\u00e9es et traditionnelles. Directement issues des meilleurs palmiers tunisiens, elles offrent une qualit\u00e9 authentique et un go\u00fbt incomparable.[\/vc_column_text]<div class=\"cz_gap clr \" style=\"height: 25px\"><\/div><div id=\"cz_36051\" class=\"cz_36051 services clr style11 cz_sbi_fx_0 services_b img_f\"><div class=\"service_img\"><img decoding=\"async\" width=\"1000\" height=\"1000\" src=\"https:\/\/suncrown-trading.com\/wp-content\/uploads\/2025\/10\/deglet-nour-branche.webp\" class=\"service-icon attachment-full\" alt=\"deglet-nour-branche\" title=\"deglet-nour-branche\" srcset=\"https:\/\/suncrown-trading.com\/wp-content\/uploads\/2025\/10\/deglet-nour-branche.webp 1000w, https:\/\/suncrown-trading.com\/wp-content\/uploads\/2025\/10\/deglet-nour-branche-300x300.webp 300w, https:\/\/suncrown-trading.com\/wp-content\/uploads\/2025\/10\/deglet-nour-branche-150x150.webp 150w, https:\/\/suncrown-trading.com\/wp-content\/uploads\/2025\/10\/deglet-nour-branche-768x768.webp 768w, https:\/\/suncrown-trading.com\/wp-content\/uploads\/2025\/10\/deglet-nour-branche-600x600.webp 600w\" sizes=\"(max-width: 1000px) 100vw, 1000px\" \/><\/div><div class=\"service_text\"><h3>La Deglet Nour tunisienne en branche<\/h3><div class=\"cz_wpe_content\">Symbole d\u2019excellence et de pure tradition, cette datte dor\u00e9e \u00e0 la chair fondante offre un go\u00fbt naturellement sucr\u00e9 et raffin\u00e9. R\u00e9colt\u00e9e \u00e0 la main dans les oasis du sud tunisien, elle est pr\u00e9sent\u00e9e sur sa tige naturelle pour pr\u00e9server toute sa fra\u00eecheur, son authenticit\u00e9 et son ar\u00f4me unique.<\/div><\/div><\/div><div id=\"cz_85978\" class=\"cz_85978 services clr style11 cz_sbi_fx_0 services_b img_f\"><div class=\"service_img\"><img decoding=\"async\" width=\"600\" height=\"600\" src=\"https:\/\/suncrown-trading.com\/wp-content\/uploads\/2025\/10\/La-Deglet-Nour-tunisienne-en-vrac.webp\" class=\"service-icon attachment-full\" alt=\"La Deglet Nour tunisienne en vrac\" title=\"La Deglet Nour tunisienne en vrac\" srcset=\"https:\/\/suncrown-trading.com\/wp-content\/uploads\/2025\/10\/La-Deglet-Nour-tunisienne-en-vrac.webp 600w, https:\/\/suncrown-trading.com\/wp-content\/uploads\/2025\/10\/La-Deglet-Nour-tunisienne-en-vrac-300x300.webp 300w, https:\/\/suncrown-trading.com\/wp-content\/uploads\/2025\/10\/La-Deglet-Nour-tunisienne-en-vrac-150x150.webp 150w\" sizes=\"(max-width: 600px) 100vw, 600px\" \/><\/div><div class=\"service_text\"><h3>La Deglet Nour tunisienne en vrac<\/h3><div class=\"cz_wpe_content\">Deglet Nour tunisienne en vrac, moelleuse et naturellement sucr\u00e9e, est id\u00e9ale pour une collation saine ou pour vos recettes sucr\u00e9es. Ces dattes premium de Tunisie offrent une saveur authentique et riche, parfaites pour gourmands et amateurs de produits naturels.<\/div><\/div><\/div><div class=\"cz_btn_center\"><div class=\"cz_61995_p\"><a id=\"cz_61995\" class=\"cz_61995 cz_btn cz_btn_icon_move_right cz_btn_zoom_in\" href=\"\/contact\/\" title=\"Contact\"><span><i class=\"fa czico-094-envelope\"><\/i><strong>CONTACTEZ-NOUS<\/strong><\/span><b class=\"cz_btn_onhover\"><i class=\"fa czico-094-envelope\"><\/i><strong>CONTACTEZ-NOUS<\/strong><\/b><\/a><\/div><\/div><div class=\"cz_gap clr  hide_on_mobile\" style=\"height: 50px\"><\/div><div class=\"cz_gap show_on_mobile clr\" style=\"height: 0px\"><\/div>[\/vc_column][vc_column width=\u00a0\u00bb1\/2&Prime;]<div id=\"cz_12423\" class=\"cz_grid_p cz_12423\"><div class=\"cz_grid cz_grid_1 clr cz_grid_c1 cz_grid_l1 cz_grid_1_no_title cz_grid_1_mid tac\"><div class=\"cz_grid_item cz_grid_first\"><\/div><div class=\"cz_grid_item \"><div><a class=\"cz_grid_link \" href=\"https:\/\/suncrown-trading.com\/wp-content\/uploads\/2024\/06\/dattes.jpg\" data-xtra-lightbox><img decoding=\"async\" width=\"600\" height=\"400\" src=\"https:\/\/suncrown-trading.com\/wp-content\/uploads\/2024\/06\/dattes.jpg\" class=\"attachment-codevz_1200_500\" alt=\"dattes\" title=\"dattes\" srcset=\"https:\/\/suncrown-trading.com\/wp-content\/uploads\/2024\/06\/dattes.jpg 600w, https:\/\/suncrown-trading.com\/wp-content\/uploads\/2024\/06\/dattes-300x200.jpg 300w\" sizes=\"(max-width: 600px) 100vw, 600px\" \/><div class=\"cz_grid_details\"><i class=\"fa fa-search cz_grid_icon\"><\/i><\/div><\/a><\/div><\/div><div class=\"cz_grid_item \"><div><a class=\"cz_grid_link \" href=\"https:\/\/suncrown-trading.com\/wp-content\/uploads\/2025\/10\/Dattes-deglet-nour-Tunisie.webp\" data-xtra-lightbox><img decoding=\"async\" width=\"1200\" height=\"500\" src=\"https:\/\/suncrown-trading.com\/wp-content\/uploads\/2025\/10\/Dattes-deglet-nour-Tunisie-1200x500.webp\" class=\"attachment-codevz_1200_500\" alt=\"Dattes-deglet-nour-Tunisie\" title=\"Dattes-deglet-nour-Tunisie\" \/><div class=\"cz_grid_details\"><i class=\"fa fa-search cz_grid_icon\"><\/i><\/div><\/a><\/div><\/div><div class=\"cz_grid_item \"><div><a class=\"cz_grid_link \" href=\"https:\/\/suncrown-trading.com\/wp-content\/uploads\/2025\/10\/deglet-el-nour-tunisie-1.jpeg\" data-xtra-lightbox><img decoding=\"async\" width=\"921\" height=\"500\" src=\"https:\/\/suncrown-trading.com\/wp-content\/uploads\/2025\/10\/deglet-el-nour-tunisie-1-921x500.jpeg\" class=\"attachment-codevz_1200_500\" alt=\"Deglet Nour\" title=\"deglet-el-nour-tunisie-1\" \/><div class=\"cz_grid_details\"><i class=\"fa fa-search cz_grid_icon\"><\/i><\/div><\/a><\/div><\/div><div class=\"cz_grid_item \"><div><a class=\"cz_grid_link \" href=\"https:\/\/suncrown-trading.com\/wp-content\/uploads\/2025\/10\/La-Deglet-Nour-tunisienne.webp\" data-xtra-lightbox><img decoding=\"async\" width=\"597\" height=\"400\" src=\"https:\/\/suncrown-trading.com\/wp-content\/uploads\/2025\/10\/La-Deglet-Nour-tunisienne.webp\" class=\"attachment-codevz_1200_500\" alt=\"La Deglet Nour tunisienne\" title=\"La Deglet Nour tunisienne\" srcset=\"https:\/\/suncrown-trading.com\/wp-content\/uploads\/2025\/10\/La-Deglet-Nour-tunisienne.webp 597w, https:\/\/suncrown-trading.com\/wp-content\/uploads\/2025\/10\/La-Deglet-Nour-tunisienne-300x201.webp 300w\" sizes=\"(max-width: 597px) 100vw, 597px\" \/><div class=\"cz_grid_details\"><i class=\"fa fa-search cz_grid_icon\"><\/i><\/div><\/a><\/div><\/div><\/div><\/div>[\/vc_column][\/vc_row]<\/p>\n<\/div>","protected":false},"excerpt":{"rendered":"<p>[vc_row][vc_column width=\u00a0\u00bb1\/2&Prime; el_class=\u00a0\u00bbcz_sticky_col\u00a0\u00bb][vc_column_text css=\u00a0\u00bb\u00a0\u00bb] Deglet Nour naturelles Les dattes Deglet Nour &#8230; <\/p>\n","protected":false},"author":1,"featured_media":0,"parent":0,"menu_order":0,"comment_status":"closed","ping_status":"closed","template":"","meta":{"footnotes":""},"yst_prominent_words":[],"class_list":["post-2010","page","type-page","status-publish","hentry"],"_links":{"self":[{"href":"https:\/\/suncrown-trading.com\/fr\/wp-json\/wp\/v2\/pages\/2010","targetHints":{"allow":["GET"]}}],"collection":[{"href":"https:\/\/suncrown-trading.com\/fr\/wp-json\/wp\/v2\/pages"}],"about":[{"href":"https:\/\/suncrown-trading.com\/fr\/wp-json\/wp\/v2\/types\/page"}],"author":[{"embeddable":true,"href":"https:\/\/suncrown-trading.com\/fr\/wp-json\/wp\/v2\/users\/1"}],"replies":[{"embeddable":true,"href":"https:\/\/suncrown-trading.com\/fr\/wp-json\/wp\/v2\/comments?post=2010"}],"version-history":[{"count":5,"href":"https:\/\/suncrown-trading.com\/fr\/wp-json\/wp\/v2\/pages\/2010\/revisions"}],"predecessor-version":[{"id":2024,"href":"https:\/\/suncrown-trading.com\/fr\/wp-json\/wp\/v2\/pages\/2010\/revisions\/2024"}],"wp:attachment":[{"href":"https:\/\/suncrown-trading.com\/fr\/wp-json\/wp\/v2\/media?parent=2010"}],"wp:term":[{"taxonomy":"yst_prominent_words","embeddable":true,"href":"https:\/\/suncrown-trading.com\/fr\/wp-json\/wp\/v2\/yst_prominent_words?post=2010"}],"curies":[{"name":"wp","href":"https:\/\/api.w.org\/{rel}","templated":true}]}}