{"id":1840,"date":"2025-10-12T08:43:43","date_gmt":"2025-10-12T06:43:43","guid":{"rendered":"https:\/\/suncrown-trading.com\/?page_id=1840"},"modified":"2025-10-12T10:58:09","modified_gmt":"2025-10-12T08:58:09","slug":"dattes-conditionnees","status":"publish","type":"page","link":"https:\/\/suncrown-trading.com\/fr\/dattes-conditionnees\/","title":{"rendered":"Dattes conditionn\u00e9es"},"content":{"rendered":"<div class=\"wpb-content-wrapper\"><p>[vc_row][vc_column width=\u00a0\u00bb1\/2&Prime; el_class=\u00a0\u00bbcz_sticky_col\u00a0\u00bb][vc_column_text css=\u00a0\u00bb\u00a0\u00bb]<\/p>\n<h2><span style=\"color: #d1a761;\">Dattes conditionn\u00e9es<\/span><\/h2>\n<p>Nos dattes conditionn\u00e9es allient authenticit\u00e9, qualit\u00e9 et fra\u00eecheur. S\u00e9lectionn\u00e9es avec soin et emball\u00e9es selon des normes rigoureuses, elles pr\u00e9servent toute leur saveur naturelle et leur valeur nutritive.[\/vc_column_text]<div id=\"cz_17273\" class=\"cz_17273 services clr style11 cz_sbi_fx_0 services_b img_f\"><div class=\"service_img\"><img decoding=\"async\" width=\"896\" height=\"1003\" src=\"https:\/\/suncrown-trading.com\/wp-content\/uploads\/2025\/10\/Dattes-conditionnees-avec-noyau.webp\" class=\"service-icon attachment-full\" alt=\"Dattes conditionn\u00e9es avec noyau\" title=\"Dattes conditionn\u00e9es avec noyau\" srcset=\"https:\/\/suncrown-trading.com\/wp-content\/uploads\/2025\/10\/Dattes-conditionnees-avec-noyau.webp 896w, https:\/\/suncrown-trading.com\/wp-content\/uploads\/2025\/10\/Dattes-conditionnees-avec-noyau-268x300.webp 268w, https:\/\/suncrown-trading.com\/wp-content\/uploads\/2025\/10\/Dattes-conditionnees-avec-noyau-768x860.webp 768w, https:\/\/suncrown-trading.com\/wp-content\/uploads\/2025\/10\/Dattes-conditionnees-avec-noyau-600x672.webp 600w\" sizes=\"(max-width: 896px) 100vw, 896px\" \/><\/div><div class=\"service_text\"><h3>Dattes conditionn\u00e9es avec noyau<\/h3><div class=\"cz_wpe_content\">Dattes tunisiennes de qualit\u00e9 sup\u00e9rieure, soigneusement s\u00e9lectionn\u00e9es et conditionn\u00e9es dans des raviers pratiques de 200 g \u00e0 500 g. Pr\u00e9sent\u00e9es avec un calibrage homog\u00e8ne, une texture tendre et un go\u00fbt naturellement sucr\u00e9, elles refl\u00e8tent le savoir-faire tunisien dans la valorisation des fruits du palmier dattier. Id\u00e9ales pour la consommation directe ou pour la pr\u00e9sentation haut de gamme en rayons.<\/div><\/div><\/div><div id=\"cz_110128\" class=\"cz_110128 services clr style11 cz_sbi_fx_0 services_b img_f\"><div class=\"service_img\"><img decoding=\"async\" width=\"370\" height=\"292\" src=\"https:\/\/suncrown-trading.com\/wp-content\/uploads\/2025\/10\/Dattes-denoyautees-tunisie-1.jpeg\" class=\"service-icon attachment-full\" alt=\"Dattes d\u00e9noyaut\u00e9es tunisie\" title=\"Dattes d\u00e9noyaut\u00e9es-tunisie\" srcset=\"https:\/\/suncrown-trading.com\/wp-content\/uploads\/2025\/10\/Dattes-denoyautees-tunisie-1.jpeg 370w, https:\/\/suncrown-trading.com\/wp-content\/uploads\/2025\/10\/Dattes-denoyautees-tunisie-1-300x237.jpeg 300w\" sizes=\"(max-width: 370px) 100vw, 370px\" \/><\/div><div class=\"service_text\"><h3>Dattes d\u00e9noyaut\u00e9es tunisiennes \u2013 Qualit\u00e9 Extra &amp; Cat\u00e9gorie 1<\/h3><div class=\"cz_wpe_content\">Nos dattes d\u00e9noyaut\u00e9es proviennent des meilleures s\u00e9lections tunisiennes, soigneusement tri\u00e9es pour offrir une qualit\u00e9 Extra et Cat\u00e9gorie 1. Tendres, savoureuses et naturellement sucr\u00e9es, elles sont pr\u00e9par\u00e9es selon des proc\u00e9d\u00e9s rigoureux garantissant une hygi\u00e8ne et une constance de qualit\u00e9 irr\u00e9prochables. Disponibles en version conventionnelle ou biologique, elles conviennent aussi bien \u00e0 la consommation directe qu\u2019\u00e0 l\u2019utilisation industrielle ou p\u00e2tissi\u00e8re.<\/div><\/div><\/div><div id=\"cz_38387\" class=\"cz_38387 services clr style11 cz_sbi_fx_0 services_b img_f\"><div class=\"service_img\"><img decoding=\"async\" width=\"350\" height=\"350\" src=\"https:\/\/suncrown-trading.com\/wp-content\/uploads\/2025\/10\/pate-dattes-tunisie.png\" class=\"service-icon attachment-full\" alt=\"pate-dattes-tunisie\" title=\"pate-dattes-tunisie\" srcset=\"https:\/\/suncrown-trading.com\/wp-content\/uploads\/2025\/10\/pate-dattes-tunisie.png 350w, https:\/\/suncrown-trading.com\/wp-content\/uploads\/2025\/10\/pate-dattes-tunisie-300x300.png 300w, https:\/\/suncrown-trading.com\/wp-content\/uploads\/2025\/10\/pate-dattes-tunisie-150x150.png 150w\" sizes=\"(max-width: 350px) 100vw, 350px\" \/><\/div><div class=\"service_text\"><h3>P\u00e2te de dattes\u202f<\/h3><div class=\"cz_wpe_content\">La p\u00e2te de dattes, pur concentr\u00e9 de douceur naturelle, est id\u00e9ale pour cuisiner, sucrer vos desserts ou pr\u00e9parer des encas sains. Fabriqu\u00e9e \u00e0 partir de dattes tunisiennes de qualit\u00e9, elle offre une texture onctueuse et une saveur authentique, parfaite pour les recettes traditionnelles ou cr\u00e9atives.<\/div><\/div><\/div><div class=\"cz_btn_center\"><div class=\"cz_49421_p\"><a id=\"cz_49421\" class=\"cz_49421 cz_btn cz_btn_icon_move_right cz_btn_zoom_in\" href=\"\/contact\/\" title=\"Contact\"><span><i class=\"fa czico-094-envelope\"><\/i><strong>CONTACTEZ-NOUS<\/strong><\/span><b class=\"cz_btn_onhover\"><i class=\"fa czico-094-envelope\"><\/i><strong>CONTACTEZ-NOUS<\/strong><\/b><\/a><\/div><\/div><div class=\"cz_gap clr  hide_on_mobile\" style=\"height: 50px\"><\/div><div class=\"cz_gap show_on_mobile clr\" style=\"height: 0px\"><\/div>[\/vc_column][vc_column width=\u00a0\u00bb1\/2&Prime;]<div id=\"cz_73513\" class=\"cz_grid_p cz_73513\"><div class=\"cz_grid cz_grid_1 clr cz_grid_c1 cz_grid_l1 cz_grid_1_no_title cz_grid_1_mid tac\"><div class=\"cz_grid_item cz_grid_first\"><\/div><div class=\"cz_grid_item \"><div><a class=\"cz_grid_link \" href=\"https:\/\/suncrown-trading.com\/wp-content\/uploads\/2025\/10\/deglet-el-nour-tunisie.jpeg\" data-xtra-lightbox><img decoding=\"async\" width=\"1079\" height=\"720\" src=\"https:\/\/suncrown-trading.com\/wp-content\/uploads\/2025\/10\/deglet-el-nour-tunisie.jpeg\" class=\"attachment-full\" alt=\"Deglet Nour\" title=\"deglet-el-nour-tunisie\" srcset=\"https:\/\/suncrown-trading.com\/wp-content\/uploads\/2025\/10\/deglet-el-nour-tunisie.jpeg 1079w, https:\/\/suncrown-trading.com\/wp-content\/uploads\/2025\/10\/deglet-el-nour-tunisie-300x200.jpeg 300w, https:\/\/suncrown-trading.com\/wp-content\/uploads\/2025\/10\/deglet-el-nour-tunisie-1024x683.jpeg 1024w, https:\/\/suncrown-trading.com\/wp-content\/uploads\/2025\/10\/deglet-el-nour-tunisie-768x512.jpeg 768w, https:\/\/suncrown-trading.com\/wp-content\/uploads\/2025\/10\/deglet-el-nour-tunisie-600x400.jpeg 600w\" sizes=\"(max-width: 1079px) 100vw, 1079px\" \/><div class=\"cz_grid_details\"><i class=\"fa fa-search cz_grid_icon\"><\/i><\/div><\/a><\/div><\/div><div class=\"cz_grid_item \"><div><a class=\"cz_grid_link \" href=\"https:\/\/suncrown-trading.com\/wp-content\/uploads\/2025\/10\/dattes-conditionnees-Tunisie.jpg\" data-xtra-lightbox><img decoding=\"async\" width=\"680\" height=\"720\" src=\"https:\/\/suncrown-trading.com\/wp-content\/uploads\/2025\/10\/dattes-conditionnees-Tunisie.jpg\" class=\"attachment-full\" alt=\"dattes-conditionn\u00e9es-Tunisie\" title=\"dattes-conditionn\u00e9es-Tunisie\" srcset=\"https:\/\/suncrown-trading.com\/wp-content\/uploads\/2025\/10\/dattes-conditionnees-Tunisie.jpg 680w, https:\/\/suncrown-trading.com\/wp-content\/uploads\/2025\/10\/dattes-conditionnees-Tunisie-283x300.jpg 283w, https:\/\/suncrown-trading.com\/wp-content\/uploads\/2025\/10\/dattes-conditionnees-Tunisie-600x635.jpg 600w\" sizes=\"(max-width: 680px) 100vw, 680px\" \/><div class=\"cz_grid_details\"><i class=\"fa fa-search cz_grid_icon\"><\/i><\/div><\/a><\/div><\/div><div class=\"cz_grid_item \"><div><a class=\"cz_grid_link \" href=\"https:\/\/suncrown-trading.com\/wp-content\/uploads\/2025\/10\/Dattes-denoyautees-tunisie-2.jpeg\" data-xtra-lightbox><img decoding=\"async\" width=\"800\" height=\"847\" src=\"https:\/\/suncrown-trading.com\/wp-content\/uploads\/2025\/10\/Dattes-denoyautees-tunisie-2.jpeg\" class=\"attachment-full\" alt=\"Dattes d\u00e9noyaut\u00e9es tunisie\" title=\"Dattes-d\u00e9noyaut\u00e9es-tunisie\" srcset=\"https:\/\/suncrown-trading.com\/wp-content\/uploads\/2025\/10\/Dattes-denoyautees-tunisie-2.jpeg 800w, https:\/\/suncrown-trading.com\/wp-content\/uploads\/2025\/10\/Dattes-denoyautees-tunisie-2-283x300.jpeg 283w, https:\/\/suncrown-trading.com\/wp-content\/uploads\/2025\/10\/Dattes-denoyautees-tunisie-2-768x813.jpeg 768w, https:\/\/suncrown-trading.com\/wp-content\/uploads\/2025\/10\/Dattes-denoyautees-tunisie-2-600x635.jpeg 600w\" sizes=\"(max-width: 800px) 100vw, 800px\" \/><div class=\"cz_grid_details\"><i class=\"fa fa-search cz_grid_icon\"><\/i><\/div><\/a><\/div><\/div><div class=\"cz_grid_item \"><div><a class=\"cz_grid_link \" href=\"https:\/\/suncrown-trading.com\/wp-content\/uploads\/2025\/10\/Dattes-denoyautees-tunisie.jpeg\" data-xtra-lightbox><img decoding=\"async\" width=\"1079\" height=\"720\" src=\"https:\/\/suncrown-trading.com\/wp-content\/uploads\/2025\/10\/Dattes-denoyautees-tunisie.jpeg\" class=\"attachment-full\" alt=\"Dattes d\u00e9noyaut\u00e9es tunisie\" title=\"Dattes d\u00e9noyaut\u00e9es tunisie\" srcset=\"https:\/\/suncrown-trading.com\/wp-content\/uploads\/2025\/10\/Dattes-denoyautees-tunisie.jpeg 1079w, https:\/\/suncrown-trading.com\/wp-content\/uploads\/2025\/10\/Dattes-denoyautees-tunisie-300x200.jpeg 300w, https:\/\/suncrown-trading.com\/wp-content\/uploads\/2025\/10\/Dattes-denoyautees-tunisie-1024x683.jpeg 1024w, https:\/\/suncrown-trading.com\/wp-content\/uploads\/2025\/10\/Dattes-denoyautees-tunisie-768x512.jpeg 768w, https:\/\/suncrown-trading.com\/wp-content\/uploads\/2025\/10\/Dattes-denoyautees-tunisie-600x400.jpeg 600w\" sizes=\"(max-width: 1079px) 100vw, 1079px\" \/><div class=\"cz_grid_details\"><i class=\"fa fa-search cz_grid_icon\"><\/i><\/div><\/a><\/div><\/div><div class=\"cz_grid_item \"><div><a class=\"cz_grid_link \" href=\"https:\/\/suncrown-trading.com\/wp-content\/uploads\/2025\/10\/pate-de-dattes.jpeg\" data-xtra-lightbox><img decoding=\"async\" width=\"1200\" height=\"675\" src=\"https:\/\/suncrown-trading.com\/wp-content\/uploads\/2025\/10\/pate-de-dattes.jpeg\" class=\"attachment-full\" alt=\"pate-dattes-tunisie\" title=\"pate-de-dattes\" srcset=\"https:\/\/suncrown-trading.com\/wp-content\/uploads\/2025\/10\/pate-de-dattes.jpeg 1200w, https:\/\/suncrown-trading.com\/wp-content\/uploads\/2025\/10\/pate-de-dattes-300x169.jpeg 300w, https:\/\/suncrown-trading.com\/wp-content\/uploads\/2025\/10\/pate-de-dattes-1024x576.jpeg 1024w, https:\/\/suncrown-trading.com\/wp-content\/uploads\/2025\/10\/pate-de-dattes-768x432.jpeg 768w, https:\/\/suncrown-trading.com\/wp-content\/uploads\/2025\/10\/pate-de-dattes-600x338.jpeg 600w\" sizes=\"(max-width: 1200px) 100vw, 1200px\" \/><div class=\"cz_grid_details\"><i class=\"fa fa-search cz_grid_icon\"><\/i><\/div><\/a><\/div><\/div><\/div><\/div>[\/vc_column][\/vc_row]<\/p>\n<\/div>","protected":false},"excerpt":{"rendered":"<p>[vc_row][vc_column width=\u00a0\u00bb1\/2&Prime; el_class=\u00a0\u00bbcz_sticky_col\u00a0\u00bb][vc_column_text css=\u00a0\u00bb\u00a0\u00bb] Dattes conditionn\u00e9es Nos dattes conditionn\u00e9es allient authenticit\u00e9, &#8230; <\/p>\n","protected":false},"author":1,"featured_media":0,"parent":0,"menu_order":0,"comment_status":"closed","ping_status":"closed","template":"","meta":{"footnotes":""},"yst_prominent_words":[],"class_list":["post-1840","page","type-page","status-publish","hentry"],"_links":{"self":[{"href":"https:\/\/suncrown-trading.com\/fr\/wp-json\/wp\/v2\/pages\/1840","targetHints":{"allow":["GET"]}}],"collection":[{"href":"https:\/\/suncrown-trading.com\/fr\/wp-json\/wp\/v2\/pages"}],"about":[{"href":"https:\/\/suncrown-trading.com\/fr\/wp-json\/wp\/v2\/types\/page"}],"author":[{"embeddable":true,"href":"https:\/\/suncrown-trading.com\/fr\/wp-json\/wp\/v2\/users\/1"}],"replies":[{"embeddable":true,"href":"https:\/\/suncrown-trading.com\/fr\/wp-json\/wp\/v2\/comments?post=1840"}],"version-history":[{"count":15,"href":"https:\/\/suncrown-trading.com\/fr\/wp-json\/wp\/v2\/pages\/1840\/revisions"}],"predecessor-version":[{"id":2023,"href":"https:\/\/suncrown-trading.com\/fr\/wp-json\/wp\/v2\/pages\/1840\/revisions\/2023"}],"wp:attachment":[{"href":"https:\/\/suncrown-trading.com\/fr\/wp-json\/wp\/v2\/media?parent=1840"}],"wp:term":[{"taxonomy":"yst_prominent_words","embeddable":true,"href":"https:\/\/suncrown-trading.com\/fr\/wp-json\/wp\/v2\/yst_prominent_words?post=1840"}],"curies":[{"name":"wp","href":"https:\/\/api.w.org\/{rel}","templated":true}]}}