{"id":1792,"date":"2025-10-11T21:47:50","date_gmt":"2025-10-11T19:47:50","guid":{"rendered":"https:\/\/suncrown-trading.com\/?page_id=1792"},"modified":"2025-10-12T23:11:52","modified_gmt":"2025-10-12T21:11:52","slug":"certifications","status":"publish","type":"page","link":"https:\/\/suncrown-trading.com\/fr\/certifications\/","title":{"rendered":"Certifications"},"content":{"rendered":"<div class=\"wpb-content-wrapper\"><p>[vc_row][vc_column][vc_column_text css=\u00a0\u00bb\u00a0\u00bb]<\/p>\n<h2>Les certifications de <span style=\"color: #d1a761;\">nos partenaires<\/span><\/h2>\n<p data-start=\"161\" data-end=\"379\">Nos partenaires s\u2019engagent \u00e0 respecter les normes les plus strictes. Leurs certifications t\u00e9moignent de leur savoir-faire, de leur s\u00e9rieux et de leur conformit\u00e9 aux standards internationaux.<\/p>\n<p>[\/vc_column_text]<div class=\"cz_gap clr \" style=\"height: 35px\"><\/div>[\/vc_column][\/vc_row][vc_row el_class=\u00a0\u00bbcertif\u00a0\u00bb css=\u00a0\u00bb.vc_custom_1760214776771{border-color: #0000004A !important;}\u00a0\u00bb][vc_column][vc_column_text css=\u00a0\u00bb.vc_custom_1760303491830{margin-bottom: 7px !important;}\u00a0\u00bb]<\/p>\n<h3>Certifications de Qualit\u00e9 et S\u00e9curit\u00e9 Alimentaire<\/h3>\n<p>[\/vc_column_text][vc_row_inner][vc_column_inner width=\u00a0\u00bb1\/5&Prime;]<div id=\"cz_53292\" class=\"cz_53292 services clr style11 cz_sbi_fx_0 services_b\"><div class=\"service_img\"><img decoding=\"async\" width=\"254\" height=\"150\" src=\"https:\/\/suncrown-trading.com\/wp-content\/uploads\/2025\/10\/iso22000-2.jpg\" class=\"service-icon attachment-full\" alt=\"iso22000\" title=\"iso22000\" \/><\/div><div class=\"service_text\"><h3>ISO 22000<\/h3><div class=\"cz_wpe_content\">Syst\u00e8me de management de la s\u00e9curit\u00e9 des denr\u00e9es alimentaires.<\/div><\/div><\/div>[\/vc_column_inner][vc_column_inner width=\u00a0\u00bb1\/5&Prime;]<div id=\"cz_11934\" class=\"cz_11934 services clr style11 cz_sbi_fx_0 services_b\"><div class=\"service_img\"><img decoding=\"async\" width=\"254\" height=\"150\" src=\"https:\/\/suncrown-trading.com\/wp-content\/uploads\/2025\/10\/iso-22000-2.jpg\" class=\"service-icon attachment-full\" alt=\"iso22000\" title=\"iso-22000\" \/><\/div><div class=\"service_text\"><h3>FSSC 22000<\/h3><div class=\"cz_wpe_content\">Variante reconnue du GFSI (Global Food Safety Initiative), tr\u00e8s demand\u00e9e en Europe.<\/div><\/div><\/div>[\/vc_column_inner][vc_column_inner width=\u00a0\u00bb1\/5&Prime;]<div id=\"cz_67766\" class=\"cz_67766 services clr style11 cz_sbi_fx_0 services_b\"><div class=\"service_img\"><img decoding=\"async\" width=\"254\" height=\"150\" src=\"https:\/\/suncrown-trading.com\/wp-content\/uploads\/2025\/10\/brcgs.jpg\" class=\"service-icon attachment-full\" alt=\"brcgs\" title=\"brcgs\" \/><\/div><div class=\"service_text\"><h3>BRCGS<\/h3><div class=\"cz_wpe_content\">Norme britannique, obligatoire pour travailler avec les grandes cha\u00eenes de distribution au Royaume-Uni.<\/div><\/div><\/div>[\/vc_column_inner][vc_column_inner width=\u00a0\u00bb1\/5&Prime;]<div id=\"cz_67476\" class=\"cz_67476 services clr style11 cz_sbi_fx_0 services_b\"><div class=\"service_img\"><img decoding=\"async\" width=\"254\" height=\"150\" src=\"https:\/\/suncrown-trading.com\/wp-content\/uploads\/2025\/10\/IFC-2.jpg\" class=\"service-icon attachment-full\" alt=\"ifc\" title=\"IFC\" \/><\/div><div class=\"service_text\"><h3>IFS Food<\/h3><div class=\"cz_wpe_content\">Norme allemande-fran\u00e7aise, exig\u00e9e par de nombreux distributeurs europ\u00e9ens.<\/div><\/div><\/div>[\/vc_column_inner][vc_column_inner width=\u00a0\u00bb1\/5&Prime;]<div id=\"cz_25111\" class=\"cz_25111 services clr style11 cz_sbi_fx_0 services_b\"><div class=\"service_img\"><img decoding=\"async\" width=\"254\" height=\"150\" src=\"https:\/\/suncrown-trading.com\/wp-content\/uploads\/2025\/10\/haccp.jpg\" class=\"service-icon attachment-full\" alt=\"haccp\" title=\"haccp\" \/><\/div><div class=\"service_text\"><h3>HACCP<\/h3><div class=\"cz_wpe_content\">M\u00e9thode de ma\u00eetrise des dangers alimentaires (souvent int\u00e9gr\u00e9e dans ISO 22000).<\/div><\/div><\/div>[\/vc_column_inner][\/vc_row_inner][\/vc_column][\/vc_row][vc_row el_class=\u00a0\u00bbcertif\u00a0\u00bb][vc_column]<div class=\"cz_gap clr \" style=\"height: 35px\"><\/div>[vc_column_text css=\u00a0\u00bb.vc_custom_1760303500139{margin-bottom: 7px !important;}\u00a0\u00bb]<\/p>\n<h3>Certifications Biologiques<\/h3>\n<p>[\/vc_column_text][vc_row_inner][vc_column_inner width=\u00a0\u00bb1\/4&Prime;]<div id=\"cz_95421\" class=\"cz_95421 services clr style11 cz_sbi_fx_0 services_b\"><div class=\"service_img\"><img decoding=\"async\" width=\"254\" height=\"150\" src=\"https:\/\/suncrown-trading.com\/wp-content\/uploads\/2025\/10\/natural-product.jpg\" class=\"service-icon attachment-full\" alt=\"natural-product\" title=\"natural-product\" \/><\/div><div class=\"service_text\"><h3>EU Organic<\/h3><div class=\"cz_wpe_content\">Pour la vente dans l\u2019Union europ\u00e9enne.<\/div><\/div><\/div>[\/vc_column_inner][vc_column_inner width=\u00a0\u00bb1\/4&Prime;]<div id=\"cz_27587\" class=\"cz_27587 services clr style11 cz_sbi_fx_0 services_b\"><div class=\"service_img\"><img decoding=\"async\" width=\"254\" height=\"150\" src=\"https:\/\/suncrown-trading.com\/wp-content\/uploads\/2025\/10\/USDA-Organic.jpg\" class=\"service-icon attachment-full\" alt=\"USDA-Organic\" title=\"USDA-Organic\" \/><\/div><div class=\"service_text\"><h3>USDA Organic<\/h3><div class=\"cz_wpe_content\">Pour le march\u00e9 nord-am\u00e9ricain.<\/div><\/div><\/div>[\/vc_column_inner][vc_column_inner width=\u00a0\u00bb1\/4&Prime;]<div id=\"cz_55724\" class=\"cz_55724 services clr style11 cz_sbi_fx_0 services_b\"><div class=\"service_img\"><img decoding=\"async\" width=\"254\" height=\"150\" src=\"https:\/\/suncrown-trading.com\/wp-content\/uploads\/2025\/10\/Bio-Suisse.jpg\" class=\"service-icon attachment-full\" alt=\"Bio Suisse\" title=\"Bio-Suisse\" \/><\/div><div class=\"service_text\"><h3>Bio Suisse<\/h3><div class=\"cz_wpe_content\">Pour l\u2019exportation vers la Suisse.<\/div><\/div><\/div>[\/vc_column_inner][vc_column_inner width=\u00a0\u00bb1\/4&Prime;]<div id=\"cz_81763\" class=\"cz_81763 services clr style11 cz_sbi_fx_0 services_b\"><div class=\"service_img\"><img decoding=\"async\" width=\"254\" height=\"150\" src=\"https:\/\/suncrown-trading.com\/wp-content\/uploads\/2025\/10\/USDA-Organic.jpg\" class=\"service-icon attachment-full\" alt=\"USDA-Organic\" title=\"USDA-Organic\" \/><\/div><div class=\"service_text\"><h3>NOP<\/h3><div class=\"cz_wpe_content\">Programme biologique am\u00e9ricain reconnu dans plusieurs pays.<\/div><\/div><\/div>[\/vc_column_inner][\/vc_row_inner][\/vc_column][\/vc_row][vc_row el_class=\u00a0\u00bbcertif no_b\u00a0\u00bb][vc_column]<div class=\"cz_gap clr \" style=\"height: 35px\"><\/div>[vc_column_text css=\u00a0\u00bb.vc_custom_1760303508950{margin-bottom: 7px !important;}\u00a0\u00bb]<\/p>\n<h3>Certifications et Labels Sp\u00e9cifiques<\/h3>\n<p>[\/vc_column_text][vc_row_inner][vc_column_inner width=\u00a0\u00bb1\/4&Prime;]<div id=\"cz_88030\" class=\"cz_88030 services clr style11 cz_sbi_fx_0 services_b\"><div class=\"service_img\"><img decoding=\"async\" width=\"254\" height=\"150\" src=\"https:\/\/suncrown-trading.com\/wp-content\/uploads\/2025\/10\/GLOBALGAP.jpg\" class=\"service-icon attachment-full\" alt=\"GLOBALGAP\" title=\"GLOBALGAP\" \/><\/div><div class=\"service_text\"><h3>GlobalG.A.P.<\/h3><div class=\"cz_wpe_content\">Norme internationale garantissant les bonnes pratiques agricoles (tra\u00e7abilit\u00e9, environnement, sant\u00e9 des travailleurs).<\/div><\/div><\/div>[\/vc_column_inner][vc_column_inner width=\u00a0\u00bb1\/4&Prime;]<div id=\"cz_87421\" class=\"cz_87421 services clr style11 cz_sbi_fx_0 services_b\"><div class=\"service_img\"><img decoding=\"async\" width=\"254\" height=\"150\" src=\"https:\/\/suncrown-trading.com\/wp-content\/uploads\/2025\/10\/fairtrade.jpg\" class=\"service-icon attachment-full\" alt=\"fairtrade\" title=\"fairtrade\" \/><\/div><div class=\"service_text\"><h3>Fairtrade \/ Commerce \u00e9quitable<\/h3><div class=\"cz_wpe_content\">Valorise les conditions \u00e9thiques et durables de production.<\/div><\/div><\/div>[\/vc_column_inner][vc_column_inner width=\u00a0\u00bb1\/4&Prime;]<div id=\"cz_87986\" class=\"cz_87986 services clr style11 cz_sbi_fx_0 services_b\"><div class=\"service_img\"><img decoding=\"async\" width=\"254\" height=\"150\" src=\"https:\/\/suncrown-trading.com\/wp-content\/uploads\/2025\/10\/halal.jpg\" class=\"service-icon attachment-full\" alt=\"halal\" title=\"halal\" \/><\/div><div class=\"service_text\"><h3>Halal<\/h3><div class=\"cz_wpe_content\">Certification pour les march\u00e9s musulmans, tr\u00e8s importante au Moyen-Orient et en Asie.<\/div><\/div><\/div>[\/vc_column_inner][vc_column_inner width=\u00a0\u00bb1\/4&Prime;]<div id=\"cz_46934\" class=\"cz_46934 services clr style11 cz_sbi_fx_0 services_b\"><div class=\"service_img\"><img decoding=\"async\" width=\"254\" height=\"150\" src=\"https:\/\/suncrown-trading.com\/wp-content\/uploads\/2025\/10\/star-k.jpg\" class=\"service-icon attachment-full\" alt=\"star-k\" title=\"star-k\" \/><\/div><div class=\"service_text\"><h3>Kosher<\/h3><div class=\"cz_wpe_content\">Certification pour les march\u00e9s juifs.<\/div><\/div><\/div>[\/vc_column_inner][\/vc_row_inner][\/vc_column][\/vc_row]<\/p>\n<\/div>","protected":false},"excerpt":{"rendered":"<p>[vc_row][vc_column][vc_column_text css=\u00a0\u00bb\u00a0\u00bb] Les certifications de nos partenaires Nos partenaires s\u2019engagent \u00e0 &#8230; <\/p>\n","protected":false},"author":1,"featured_media":0,"parent":0,"menu_order":0,"comment_status":"closed","ping_status":"closed","template":"","meta":{"footnotes":""},"yst_prominent_words":[],"class_list":["post-1792","page","type-page","status-publish","hentry"],"_links":{"self":[{"href":"https:\/\/suncrown-trading.com\/fr\/wp-json\/wp\/v2\/pages\/1792","targetHints":{"allow":["GET"]}}],"collection":[{"href":"https:\/\/suncrown-trading.com\/fr\/wp-json\/wp\/v2\/pages"}],"about":[{"href":"https:\/\/suncrown-trading.com\/fr\/wp-json\/wp\/v2\/types\/page"}],"author":[{"embeddable":true,"href":"https:\/\/suncrown-trading.com\/fr\/wp-json\/wp\/v2\/users\/1"}],"replies":[{"embeddable":true,"href":"https:\/\/suncrown-trading.com\/fr\/wp-json\/wp\/v2\/comments?post=1792"}],"version-history":[{"count":19,"href":"https:\/\/suncrown-trading.com\/fr\/wp-json\/wp\/v2\/pages\/1792\/revisions"}],"predecessor-version":[{"id":2064,"href":"https:\/\/suncrown-trading.com\/fr\/wp-json\/wp\/v2\/pages\/1792\/revisions\/2064"}],"wp:attachment":[{"href":"https:\/\/suncrown-trading.com\/fr\/wp-json\/wp\/v2\/media?parent=1792"}],"wp:term":[{"taxonomy":"yst_prominent_words","embeddable":true,"href":"https:\/\/suncrown-trading.com\/fr\/wp-json\/wp\/v2\/yst_prominent_words?post=1792"}],"curies":[{"name":"wp","href":"https:\/\/api.w.org\/{rel}","templated":true}]}}