{"id":1706,"date":"2025-10-11T19:36:02","date_gmt":"2025-10-11T17:36:02","guid":{"rendered":"https:\/\/suncrown-trading.com\/?page_id=1706"},"modified":"2025-10-12T10:02:38","modified_gmt":"2025-10-12T08:02:38","slug":"kentichi","status":"publish","type":"page","link":"https:\/\/suncrown-trading.com\/fr\/kentichi\/","title":{"rendered":"Kentichi"},"content":{"rendered":"<div class=\"wpb-content-wrapper\"><p>[vc_row][vc_column width=\u00a0\u00bb1\/2&Prime; el_class=\u00a0\u00bbcz_sticky_col\u00a0\u00bb][vc_column_text css=\u00a0\u00bb\u00a0\u00bb]<\/p>\n<h2><span style=\"color: #d1a761;\">Kentichi<\/span> \u2013 L\u2019\u00c9nerg\u00e9tique Naturelle<\/h2>\n<p>Vari\u00e9t\u00e9 populaire dans le sud tunisien, la Kentichi est une datte s\u00e8che, tr\u00e8s \u00e9nerg\u00e9tique et r\u00e9sistante.<br \/>\nSa texture ferme et sa conservation facile en font un choix privil\u00e9gi\u00e9 pour les pr\u00e9parations industrielles et les exportations longues distances.[\/vc_column_text]<div class=\"cz_btn_left cz_mobile_btn_center\"><div class=\"cz_33820_p\"><a id=\"cz_33820\" class=\"cz_33820 cz_btn cz_btn_icon_move_right cz_btn_zoom_in\" href=\"\/contact\/\" title=\"Contact\"><span><i class=\"fa czico-094-envelope\"><\/i><strong>CONTACTEZ-NOUS<\/strong><\/span><b class=\"cz_btn_onhover\"><i class=\"fa czico-094-envelope\"><\/i><strong>CONTACTEZ-NOUS<\/strong><\/b><\/a><\/div><\/div><div class=\"clr\"><\/div><div class=\"cz_gap clr  hide_on_mobile\" style=\"height: 50px\"><\/div><div class=\"cz_gap show_on_mobile clr\" style=\"height: 0px\"><\/div>[\/vc_column][vc_column width=\u00a0\u00bb1\/2&Prime;]<div id=\"cz_13502\" class=\"cz_grid_p cz_13502\"><div class=\"cz_grid cz_grid_1 clr cz_grid_c1 cz_grid_l1 cz_grid_1_no_title cz_grid_1_mid tac\"><div class=\"cz_grid_item cz_grid_first\"><\/div><div class=\"cz_grid_item \"><div><a class=\"cz_grid_link \" href=\"https:\/\/suncrown-trading.com\/wp-content\/uploads\/2025\/10\/kentichi-dattes-tunisie.jpg\" data-xtra-lightbox><img decoding=\"async\" width=\"300\" height=\"300\" src=\"https:\/\/suncrown-trading.com\/wp-content\/uploads\/2025\/10\/kentichi-dattes-tunisie.jpg\" class=\"attachment-codevz_1200_500\" alt=\"Kentichi\" title=\"kentichi-dattes-tunisie\" srcset=\"https:\/\/suncrown-trading.com\/wp-content\/uploads\/2025\/10\/kentichi-dattes-tunisie.jpg 300w, https:\/\/suncrown-trading.com\/wp-content\/uploads\/2025\/10\/kentichi-dattes-tunisie-150x150.jpg 150w\" sizes=\"(max-width: 300px) 100vw, 300px\" \/><div class=\"cz_grid_details\"><i class=\"fa fa-search cz_grid_icon\"><\/i><\/div><\/a><\/div><\/div><div class=\"cz_grid_item \"><div><a class=\"cz_grid_link \" href=\"https:\/\/suncrown-trading.com\/wp-content\/uploads\/2025\/10\/kentichi-dattes-tunisie-1.webp\" data-xtra-lightbox><img decoding=\"async\" width=\"1000\" height=\"500\" src=\"https:\/\/suncrown-trading.com\/wp-content\/uploads\/2025\/10\/kentichi-dattes-tunisie-1-1000x500.webp\" class=\"attachment-codevz_1200_500\" alt=\"Kentichi\" title=\"kentichi-dattes-tunisie-1\" \/><div class=\"cz_grid_details\"><i class=\"fa fa-search cz_grid_icon\"><\/i><\/div><\/a><\/div><\/div><\/div><\/div>[\/vc_column][\/vc_row]<\/p>\n<\/div>","protected":false},"excerpt":{"rendered":"<p>[vc_row][vc_column width=\u00a0\u00bb1\/2&Prime; el_class=\u00a0\u00bbcz_sticky_col\u00a0\u00bb][vc_column_text css=\u00a0\u00bb\u00a0\u00bb] Kentichi \u2013 L\u2019\u00c9nerg\u00e9tique Naturelle Vari\u00e9t\u00e9 populaire dans &#8230; <\/p>\n","protected":false},"author":1,"featured_media":0,"parent":0,"menu_order":0,"comment_status":"closed","ping_status":"closed","template":"","meta":{"footnotes":""},"yst_prominent_words":[],"class_list":["post-1706","page","type-page","status-publish","hentry"],"_links":{"self":[{"href":"https:\/\/suncrown-trading.com\/fr\/wp-json\/wp\/v2\/pages\/1706","targetHints":{"allow":["GET"]}}],"collection":[{"href":"https:\/\/suncrown-trading.com\/fr\/wp-json\/wp\/v2\/pages"}],"about":[{"href":"https:\/\/suncrown-trading.com\/fr\/wp-json\/wp\/v2\/types\/page"}],"author":[{"embeddable":true,"href":"https:\/\/suncrown-trading.com\/fr\/wp-json\/wp\/v2\/users\/1"}],"replies":[{"embeddable":true,"href":"https:\/\/suncrown-trading.com\/fr\/wp-json\/wp\/v2\/comments?post=1706"}],"version-history":[{"count":4,"href":"https:\/\/suncrown-trading.com\/fr\/wp-json\/wp\/v2\/pages\/1706\/revisions"}],"predecessor-version":[{"id":1897,"href":"https:\/\/suncrown-trading.com\/fr\/wp-json\/wp\/v2\/pages\/1706\/revisions\/1897"}],"wp:attachment":[{"href":"https:\/\/suncrown-trading.com\/fr\/wp-json\/wp\/v2\/media?parent=1706"}],"wp:term":[{"taxonomy":"yst_prominent_words","embeddable":true,"href":"https:\/\/suncrown-trading.com\/fr\/wp-json\/wp\/v2\/yst_prominent_words?post=1706"}],"curies":[{"name":"wp","href":"https:\/\/api.w.org\/{rel}","templated":true}]}}