{"id":1692,"date":"2025-10-11T19:22:52","date_gmt":"2025-10-11T17:22:52","guid":{"rendered":"https:\/\/suncrown-trading.com\/?page_id=1692"},"modified":"2025-10-12T10:02:47","modified_gmt":"2025-10-12T08:02:47","slug":"khouat-allig","status":"publish","type":"page","link":"https:\/\/suncrown-trading.com\/fr\/khouat-allig\/","title":{"rendered":"Khouat Allig"},"content":{"rendered":"<div class=\"wpb-content-wrapper\"><p>[vc_row][vc_column width=\u00a0\u00bb1\/2&Prime; el_class=\u00a0\u00bbcz_sticky_col\u00a0\u00bb][vc_column_text css=\u00a0\u00bb\u00a0\u00bb]<\/p>\n<h2><span style=\"color: #d1a761;\">Khouat Allig<\/span> \u2013 La S\u0153ur Raffin\u00e9e<\/h2>\n<p>Proche de la vari\u00e9t\u00e9 Allig mais plus fine et plus sucr\u00e9e, la Khouat Allig est une datte semi-s\u00e8che d\u2019une grande finesse.<br \/>\nElle est recherch\u00e9e pour sa texture harmonieuse et sa capacit\u00e9 \u00e0 se conserver longtemps sans perdre sa qualit\u00e9.<br \/>\nUn produit tr\u00e8s pris\u00e9 dans les march\u00e9s du Golfe et d\u2019Afrique.[\/vc_column_text]<div class=\"cz_btn_left cz_mobile_btn_center\"><div class=\"cz_33820_p\"><a id=\"cz_33820\" class=\"cz_33820 cz_btn cz_btn_icon_move_right cz_btn_zoom_in\" href=\"\/contact\/\" title=\"Contact\"><span><i class=\"fa czico-094-envelope\"><\/i><strong>CONTACTEZ-NOUS<\/strong><\/span><b class=\"cz_btn_onhover\"><i class=\"fa czico-094-envelope\"><\/i><strong>CONTACTEZ-NOUS<\/strong><\/b><\/a><\/div><\/div><div class=\"clr\"><\/div><div class=\"cz_gap clr  hide_on_mobile\" style=\"height: 50px\"><\/div><div class=\"cz_gap show_on_mobile clr\" style=\"height: 0px\"><\/div>[\/vc_column][vc_column width=\u00a0\u00bb1\/2&Prime;]<div id=\"cz_82154\" class=\"cz_grid_p cz_82154\"><div class=\"cz_grid cz_grid_1 clr cz_grid_c1 cz_grid_l1 cz_grid_1_no_title cz_grid_1_mid tac\"><div class=\"cz_grid_item cz_grid_first\"><\/div><div class=\"cz_grid_item \"><div><a class=\"cz_grid_link \" href=\"https:\/\/suncrown-trading.com\/wp-content\/uploads\/2025\/10\/khouet-allig-en-tunisie.jpg\" data-xtra-lightbox><img decoding=\"async\" width=\"1514\" height=\"1010\" src=\"https:\/\/suncrown-trading.com\/wp-content\/uploads\/2025\/10\/khouet-allig-en-tunisie.jpg\" class=\"attachment-full\" alt=\"\" title=\"khouet-allig-en-tunisie\" srcset=\"https:\/\/suncrown-trading.com\/wp-content\/uploads\/2025\/10\/khouet-allig-en-tunisie.jpg 1514w, https:\/\/suncrown-trading.com\/wp-content\/uploads\/2025\/10\/khouet-allig-en-tunisie-300x200.jpg 300w, https:\/\/suncrown-trading.com\/wp-content\/uploads\/2025\/10\/khouet-allig-en-tunisie-1024x683.jpg 1024w, https:\/\/suncrown-trading.com\/wp-content\/uploads\/2025\/10\/khouet-allig-en-tunisie-768x512.jpg 768w, https:\/\/suncrown-trading.com\/wp-content\/uploads\/2025\/10\/khouet-allig-en-tunisie-600x400.jpg 600w\" sizes=\"(max-width: 1514px) 100vw, 1514px\" \/><div class=\"cz_grid_details\"><i class=\"fa fa-search cz_grid_icon\"><\/i><\/div><\/a><\/div><\/div><div class=\"cz_grid_item \"><div><a class=\"cz_grid_link \" href=\"https:\/\/suncrown-trading.com\/wp-content\/uploads\/2025\/10\/khouet-allig.jpg\" data-xtra-lightbox><img decoding=\"async\" width=\"800\" height=\"619\" src=\"https:\/\/suncrown-trading.com\/wp-content\/uploads\/2025\/10\/khouet-allig.jpg\" class=\"attachment-full\" alt=\"Khouet Allig\" title=\"khouet-allig\" srcset=\"https:\/\/suncrown-trading.com\/wp-content\/uploads\/2025\/10\/khouet-allig.jpg 800w, https:\/\/suncrown-trading.com\/wp-content\/uploads\/2025\/10\/khouet-allig-300x232.jpg 300w, https:\/\/suncrown-trading.com\/wp-content\/uploads\/2025\/10\/khouet-allig-768x594.jpg 768w, https:\/\/suncrown-trading.com\/wp-content\/uploads\/2025\/10\/khouet-allig-600x464.jpg 600w\" sizes=\"(max-width: 800px) 100vw, 800px\" \/><div class=\"cz_grid_details\"><i class=\"fa fa-search cz_grid_icon\"><\/i><\/div><\/a><\/div><\/div><\/div><\/div>[\/vc_column][\/vc_row]<\/p>\n<\/div>","protected":false},"excerpt":{"rendered":"<p>[vc_row][vc_column width=\u00a0\u00bb1\/2&Prime; el_class=\u00a0\u00bbcz_sticky_col\u00a0\u00bb][vc_column_text css=\u00a0\u00bb\u00a0\u00bb] Khouat Allig \u2013 La S\u0153ur Raffin\u00e9e Proche &#8230; <\/p>\n","protected":false},"author":1,"featured_media":0,"parent":0,"menu_order":0,"comment_status":"closed","ping_status":"closed","template":"","meta":{"footnotes":""},"yst_prominent_words":[],"class_list":["post-1692","page","type-page","status-publish","hentry"],"_links":{"self":[{"href":"https:\/\/suncrown-trading.com\/fr\/wp-json\/wp\/v2\/pages\/1692","targetHints":{"allow":["GET"]}}],"collection":[{"href":"https:\/\/suncrown-trading.com\/fr\/wp-json\/wp\/v2\/pages"}],"about":[{"href":"https:\/\/suncrown-trading.com\/fr\/wp-json\/wp\/v2\/types\/page"}],"author":[{"embeddable":true,"href":"https:\/\/suncrown-trading.com\/fr\/wp-json\/wp\/v2\/users\/1"}],"replies":[{"embeddable":true,"href":"https:\/\/suncrown-trading.com\/fr\/wp-json\/wp\/v2\/comments?post=1692"}],"version-history":[{"count":10,"href":"https:\/\/suncrown-trading.com\/fr\/wp-json\/wp\/v2\/pages\/1692\/revisions"}],"predecessor-version":[{"id":1898,"href":"https:\/\/suncrown-trading.com\/fr\/wp-json\/wp\/v2\/pages\/1692\/revisions\/1898"}],"wp:attachment":[{"href":"https:\/\/suncrown-trading.com\/fr\/wp-json\/wp\/v2\/media?parent=1692"}],"wp:term":[{"taxonomy":"yst_prominent_words","embeddable":true,"href":"https:\/\/suncrown-trading.com\/fr\/wp-json\/wp\/v2\/yst_prominent_words?post=1692"}],"curies":[{"name":"wp","href":"https:\/\/api.w.org\/{rel}","templated":true}]}}