{"id":1684,"date":"2025-10-11T19:18:51","date_gmt":"2025-10-11T17:18:51","guid":{"rendered":"https:\/\/suncrown-trading.com\/?page_id=1684"},"modified":"2025-10-12T10:02:07","modified_gmt":"2025-10-12T08:02:07","slug":"allig","status":"publish","type":"page","link":"https:\/\/suncrown-trading.com\/fr\/allig\/","title":{"rendered":"Allig"},"content":{"rendered":"<div class=\"wpb-content-wrapper\"><p>[vc_row][vc_column width=\u00a0\u00bb1\/2&Prime; el_class=\u00a0\u00bbcz_sticky_col\u00a0\u00bb][vc_column_text css=\u00a0\u00bb\u00a0\u00bb]<\/p>\n<h2><span style=\"color: #d1a761;\">Allig<\/span> \u2013 L\u2019\u00c9quilibre Parfait<\/h2>\n<p>La Allig est une vari\u00e9t\u00e9 semi-s\u00e8che, de couleur brune fonc\u00e9e et d\u2019une richesse gustative remarquable.<br \/>\nElle allie douceur et intensit\u00e9, offrant un \u00e9quilibre parfait entre fermet\u00e9 et fondant.<br \/>\nTr\u00e8s demand\u00e9e pour la transformation industrielle (p\u00e2tisserie, barres \u00e9nerg\u00e9tiques, sirops, etc.), elle reste \u00e9galement excellente \u00e0 consommer nature.[\/vc_column_text]<div class=\"cz_btn_left cz_mobile_btn_center\"><div class=\"cz_33820_p\"><a id=\"cz_33820\" class=\"cz_33820 cz_btn cz_btn_icon_move_right cz_btn_zoom_in\" href=\"\/contact\/\" title=\"Contact\"><span><i class=\"fa czico-094-envelope\"><\/i><strong>CONTACTEZ-NOUS<\/strong><\/span><b class=\"cz_btn_onhover\"><i class=\"fa czico-094-envelope\"><\/i><strong>CONTACTEZ-NOUS<\/strong><\/b><\/a><\/div><\/div><div class=\"clr\"><\/div><div class=\"cz_gap clr  hide_on_mobile\" style=\"height: 50px\"><\/div><div class=\"cz_gap show_on_mobile clr\" style=\"height: 0px\"><\/div>[\/vc_column][vc_column width=\u00a0\u00bb1\/2&Prime;]<div id=\"cz_83035\" class=\"cz_grid_p cz_83035\"><div class=\"cz_grid cz_grid_1 clr cz_grid_c1 cz_grid_l1 cz_grid_1_no_title cz_grid_1_mid tac\"><div class=\"cz_grid_item cz_grid_first\"><\/div><div class=\"cz_grid_item \"><div><a class=\"cz_grid_link \" href=\"https:\/\/suncrown-trading.com\/wp-content\/uploads\/2025\/10\/dattes-allig.jpg\" data-xtra-lightbox><img decoding=\"async\" width=\"750\" height=\"460\" src=\"https:\/\/suncrown-trading.com\/wp-content\/uploads\/2025\/10\/dattes-allig.jpg\" class=\"attachment-codevz_1200_500\" alt=\"Allig\" title=\"dattes-allig\" srcset=\"https:\/\/suncrown-trading.com\/wp-content\/uploads\/2025\/10\/dattes-allig.jpg 750w, https:\/\/suncrown-trading.com\/wp-content\/uploads\/2025\/10\/dattes-allig-300x184.jpg 300w, https:\/\/suncrown-trading.com\/wp-content\/uploads\/2025\/10\/dattes-allig-600x368.jpg 600w\" sizes=\"(max-width: 750px) 100vw, 750px\" \/><div class=\"cz_grid_details\"><i class=\"fa fa-search cz_grid_icon\"><\/i><\/div><\/a><\/div><\/div><div class=\"cz_grid_item \"><div><a class=\"cz_grid_link \" href=\"https:\/\/suncrown-trading.com\/wp-content\/uploads\/2025\/10\/Allig-dattes-tunisie.png\" data-xtra-lightbox><img decoding=\"async\" width=\"541\" height=\"500\" src=\"https:\/\/suncrown-trading.com\/wp-content\/uploads\/2025\/10\/Allig-dattes-tunisie-541x500.png\" class=\"attachment-codevz_1200_500\" alt=\"Allig\" title=\"Allig-dattes-tunisie\" \/><div class=\"cz_grid_details\"><i class=\"fa fa-search cz_grid_icon\"><\/i><\/div><\/a><\/div><\/div><\/div><\/div>[\/vc_column][\/vc_row]<\/p>\n<\/div>","protected":false},"excerpt":{"rendered":"<p>[vc_row][vc_column width=\u00a0\u00bb1\/2&Prime; el_class=\u00a0\u00bbcz_sticky_col\u00a0\u00bb][vc_column_text css=\u00a0\u00bb\u00a0\u00bb] Allig \u2013 L\u2019\u00c9quilibre Parfait La Allig est &#8230; <\/p>\n","protected":false},"author":1,"featured_media":0,"parent":0,"menu_order":0,"comment_status":"closed","ping_status":"closed","template":"","meta":{"footnotes":""},"yst_prominent_words":[],"class_list":["post-1684","page","type-page","status-publish","hentry"],"_links":{"self":[{"href":"https:\/\/suncrown-trading.com\/fr\/wp-json\/wp\/v2\/pages\/1684","targetHints":{"allow":["GET"]}}],"collection":[{"href":"https:\/\/suncrown-trading.com\/fr\/wp-json\/wp\/v2\/pages"}],"about":[{"href":"https:\/\/suncrown-trading.com\/fr\/wp-json\/wp\/v2\/types\/page"}],"author":[{"embeddable":true,"href":"https:\/\/suncrown-trading.com\/fr\/wp-json\/wp\/v2\/users\/1"}],"replies":[{"embeddable":true,"href":"https:\/\/suncrown-trading.com\/fr\/wp-json\/wp\/v2\/comments?post=1684"}],"version-history":[{"count":4,"href":"https:\/\/suncrown-trading.com\/fr\/wp-json\/wp\/v2\/pages\/1684\/revisions"}],"predecessor-version":[{"id":1894,"href":"https:\/\/suncrown-trading.com\/fr\/wp-json\/wp\/v2\/pages\/1684\/revisions\/1894"}],"wp:attachment":[{"href":"https:\/\/suncrown-trading.com\/fr\/wp-json\/wp\/v2\/media?parent=1684"}],"wp:term":[{"taxonomy":"yst_prominent_words","embeddable":true,"href":"https:\/\/suncrown-trading.com\/fr\/wp-json\/wp\/v2\/yst_prominent_words?post=1684"}],"curies":[{"name":"wp","href":"https:\/\/api.w.org\/{rel}","templated":true}]}}