{"id":1678,"date":"2025-10-11T19:07:03","date_gmt":"2025-10-11T17:07:03","guid":{"rendered":"https:\/\/suncrown-trading.com\/?page_id=1678"},"modified":"2025-10-12T10:02:28","modified_gmt":"2025-10-12T08:02:28","slug":"kenta","status":"publish","type":"page","link":"https:\/\/suncrown-trading.com\/fr\/kenta\/","title":{"rendered":"Kenta"},"content":{"rendered":"<div class=\"wpb-content-wrapper\"><p>[vc_row][vc_column width=\u00a0\u00bb1\/2&Prime; el_class=\u00a0\u00bbcz_sticky_col\u00a0\u00bb][vc_column_text css=\u00a0\u00bb\u00a0\u00bb]<\/p>\n<h2><span style=\"color: #d1a761;\">Kenta<\/span> \u2013 La Douce et L\u00e9g\u00e8re<\/h2>\n<p>La Kenta est une datte tendre \u00e0 la saveur douce et subtile, r\u00e9colt\u00e9e en d\u00e9but de saison.<br \/>\nSa texture d\u00e9licate et sa faible teneur en sucre en font un produit tr\u00e8s appr\u00e9ci\u00e9 sur certains march\u00e9s europ\u00e9ens et asiatiques.<br \/>\nElle se pr\u00eate parfaitement \u00e0 la consommation fra\u00eeche et aux m\u00e9langes \u00e9nerg\u00e9tiques.[\/vc_column_text]<div class=\"cz_btn_left cz_mobile_btn_center\"><div class=\"cz_33820_p\"><a id=\"cz_33820\" class=\"cz_33820 cz_btn cz_btn_icon_move_right cz_btn_zoom_in\" href=\"\/contact\/\" title=\"Contact\"><span><i class=\"fa czico-094-envelope\"><\/i><strong>CONTACTEZ-NOUS<\/strong><\/span><b class=\"cz_btn_onhover\"><i class=\"fa czico-094-envelope\"><\/i><strong>CONTACTEZ-NOUS<\/strong><\/b><\/a><\/div><\/div><div class=\"clr\"><\/div><div class=\"cz_gap clr  hide_on_mobile\" style=\"height: 50px\"><\/div><div class=\"cz_gap show_on_mobile clr\" style=\"height: 0px\"><\/div>[\/vc_column][vc_column width=\u00a0\u00bb1\/2&Prime;]<div id=\"cz_23294\" class=\"cz_grid_p cz_23294\"><div class=\"cz_grid cz_grid_1 clr cz_grid_c1 cz_grid_l1 cz_grid_1_no_title cz_grid_1_mid tac\"><div class=\"cz_grid_item cz_grid_first\"><\/div><div class=\"cz_grid_item \"><div><a class=\"cz_grid_link \" href=\"https:\/\/suncrown-trading.com\/wp-content\/uploads\/2025\/10\/kenta-degla-tunisie-1.jpg\" data-xtra-lightbox><img decoding=\"async\" width=\"680\" height=\"400\" src=\"https:\/\/suncrown-trading.com\/wp-content\/uploads\/2025\/10\/kenta-degla-tunisie-1.jpg\" class=\"attachment-codevz_1200_500\" alt=\"Kenta Degla\" title=\"kenta-degla-tunisie\" srcset=\"https:\/\/suncrown-trading.com\/wp-content\/uploads\/2025\/10\/kenta-degla-tunisie-1.jpg 680w, https:\/\/suncrown-trading.com\/wp-content\/uploads\/2025\/10\/kenta-degla-tunisie-1-300x176.jpg 300w, https:\/\/suncrown-trading.com\/wp-content\/uploads\/2025\/10\/kenta-degla-tunisie-1-600x353.jpg 600w\" sizes=\"(max-width: 680px) 100vw, 680px\" \/><div class=\"cz_grid_details\"><i class=\"fa fa-search cz_grid_icon\"><\/i><\/div><\/a><\/div><\/div><div class=\"cz_grid_item \"><div><a class=\"cz_grid_link \" href=\"https:\/\/suncrown-trading.com\/wp-content\/uploads\/2025\/10\/kenta-degla-tunisie.jpg\" data-xtra-lightbox><img decoding=\"async\" width=\"720\" height=\"500\" src=\"https:\/\/suncrown-trading.com\/wp-content\/uploads\/2025\/10\/kenta-degla-tunisie-720x500.jpg\" class=\"attachment-codevz_1200_500\" alt=\"Kenta Degla\" title=\"kenta-degla-tunisie\" \/><div class=\"cz_grid_details\"><i class=\"fa fa-search cz_grid_icon\"><\/i><\/div><\/a><\/div><\/div><\/div><\/div>[\/vc_column][\/vc_row]<\/p>\n<\/div>","protected":false},"excerpt":{"rendered":"<p>[vc_row][vc_column width=\u00a0\u00bb1\/2&Prime; el_class=\u00a0\u00bbcz_sticky_col\u00a0\u00bb][vc_column_text css=\u00a0\u00bb\u00a0\u00bb] Kenta \u2013 La Douce et L\u00e9g\u00e8re La &#8230; <\/p>\n","protected":false},"author":1,"featured_media":0,"parent":0,"menu_order":0,"comment_status":"closed","ping_status":"closed","template":"","meta":{"footnotes":""},"yst_prominent_words":[],"class_list":["post-1678","page","type-page","status-publish","hentry"],"_links":{"self":[{"href":"https:\/\/suncrown-trading.com\/fr\/wp-json\/wp\/v2\/pages\/1678","targetHints":{"allow":["GET"]}}],"collection":[{"href":"https:\/\/suncrown-trading.com\/fr\/wp-json\/wp\/v2\/pages"}],"about":[{"href":"https:\/\/suncrown-trading.com\/fr\/wp-json\/wp\/v2\/types\/page"}],"author":[{"embeddable":true,"href":"https:\/\/suncrown-trading.com\/fr\/wp-json\/wp\/v2\/users\/1"}],"replies":[{"embeddable":true,"href":"https:\/\/suncrown-trading.com\/fr\/wp-json\/wp\/v2\/comments?post=1678"}],"version-history":[{"count":4,"href":"https:\/\/suncrown-trading.com\/fr\/wp-json\/wp\/v2\/pages\/1678\/revisions"}],"predecessor-version":[{"id":1896,"href":"https:\/\/suncrown-trading.com\/fr\/wp-json\/wp\/v2\/pages\/1678\/revisions\/1896"}],"wp:attachment":[{"href":"https:\/\/suncrown-trading.com\/fr\/wp-json\/wp\/v2\/media?parent=1678"}],"wp:term":[{"taxonomy":"yst_prominent_words","embeddable":true,"href":"https:\/\/suncrown-trading.com\/fr\/wp-json\/wp\/v2\/yst_prominent_words?post=1678"}],"curies":[{"name":"wp","href":"https:\/\/api.w.org\/{rel}","templated":true}]}}