{"id":1666,"date":"2025-10-11T18:48:24","date_gmt":"2025-10-11T16:48:24","guid":{"rendered":"https:\/\/suncrown-trading.com\/?page_id=1666"},"modified":"2025-10-12T11:12:50","modified_gmt":"2025-10-12T09:12:50","slug":"deglet-nour","status":"publish","type":"page","link":"https:\/\/suncrown-trading.com\/fr\/deglet-nour\/","title":{"rendered":"Deglet Nour"},"content":{"rendered":"<div class=\"wpb-content-wrapper\"><p>[vc_row][vc_column el_class=\u00a0\u00bbcz_sticky_col\u00a0\u00bb][vc_column_text css=\u00a0\u00bb\u00a0\u00bb]<\/p>\n<h2><span style=\"color: #d1a761;\">Deglet Nour<\/span> \u2013 La Reine des Dattes Tunisiennes<\/h2>\n<p>Symbole du patrimoine tunisien, la Deglet Nour est r\u00e9put\u00e9e mondialement pour sa couleur dor\u00e9e translucide, sa chair fine et son go\u00fbt naturellement sucr\u00e9.<br \/>\nElle est id\u00e9ale aussi bien pour la consommation directe que pour les pr\u00e9parations gastronomiques.<br \/>\nDisponible en plusieurs pr\u00e9sentations :[\/vc_column_text]<div class=\"cz_gap clr \" style=\"height: 25px\"><\/div>[\/vc_column][\/vc_row][vc_row][vc_column width=\u00a0\u00bb1\/2&Prime;]<a href=\"\/deglet-nour-naturelles\/\"><div id=\"cz_94290\" class=\"cz_94290 services clr style11 cz_sbi_fx_0 services_b img_f\"><div class=\"service_img\"><img decoding=\"async\" width=\"896\" height=\"1003\" src=\"https:\/\/suncrown-trading.com\/wp-content\/uploads\/2025\/10\/deglet-nour-naturelles-tunisie.webp\" class=\"service-icon attachment-full\" alt=\"deglet-nour-naturelles-tunisie\" title=\"deglet-nour-naturelles-tunisie\" srcset=\"https:\/\/suncrown-trading.com\/wp-content\/uploads\/2025\/10\/deglet-nour-naturelles-tunisie.webp 896w, https:\/\/suncrown-trading.com\/wp-content\/uploads\/2025\/10\/deglet-nour-naturelles-tunisie-268x300.webp 268w, https:\/\/suncrown-trading.com\/wp-content\/uploads\/2025\/10\/deglet-nour-naturelles-tunisie-768x860.webp 768w, https:\/\/suncrown-trading.com\/wp-content\/uploads\/2025\/10\/deglet-nour-naturelles-tunisie-600x672.webp 600w\" sizes=\"(max-width: 896px) 100vw, 896px\" \/><\/div><div class=\"service_text\"><h3>Deglet Nour naturelles<\/h3><div class=\"cz_wpe_content\">Les dattes Deglet Nour naturelles, moelleuses et d\u00e9licatement sucr\u00e9es, sont un v\u00e9ritable concentr\u00e9 de saveurs\u2026<\/div><div href=\"\/deglet-nour-naturelles\/\" class=\"cz_btn\">VOIR PLUS<\/div><\/div><\/div><\/a>[\/vc_column][vc_column width=\u00a0\u00bb1\/2&Prime;]<a href=\"\/dattes-conditionnees\/\"><div id=\"cz_69160\" class=\"cz_69160 services clr style11 cz_sbi_fx_0 services_b img_f\"><div class=\"service_img\"><img decoding=\"async\" width=\"896\" height=\"1003\" src=\"https:\/\/suncrown-trading.com\/wp-content\/uploads\/2025\/10\/Dattes-conditionnees-avec-noyau.webp\" class=\"service-icon attachment-full\" alt=\"Dattes conditionn\u00e9es avec noyau\" title=\"Dattes conditionn\u00e9es avec noyau\" srcset=\"https:\/\/suncrown-trading.com\/wp-content\/uploads\/2025\/10\/Dattes-conditionnees-avec-noyau.webp 896w, https:\/\/suncrown-trading.com\/wp-content\/uploads\/2025\/10\/Dattes-conditionnees-avec-noyau-268x300.webp 268w, https:\/\/suncrown-trading.com\/wp-content\/uploads\/2025\/10\/Dattes-conditionnees-avec-noyau-768x860.webp 768w, https:\/\/suncrown-trading.com\/wp-content\/uploads\/2025\/10\/Dattes-conditionnees-avec-noyau-600x672.webp 600w\" sizes=\"(max-width: 896px) 100vw, 896px\" \/><\/div><div class=\"service_text\"><h3>Deglet Nour conditionn\u00e9es<\/h3><div class=\"cz_wpe_content\">Nos dattes conditionn\u00e9es allient authenticit\u00e9, qualit\u00e9 et fra\u00eecheur. S\u00e9lectionn\u00e9es avec soin et emball\u00e9es&#8230;<\/div><div href=\"\/dattes-conditionnees\/\" class=\"cz_btn\">VOIR PLUS<\/div><\/div><\/div><\/a>[\/vc_column][\/vc_row]<\/p>\n<\/div>","protected":false},"excerpt":{"rendered":"<p>[vc_row][vc_column el_class=\u00a0\u00bbcz_sticky_col\u00a0\u00bb][vc_column_text css=\u00a0\u00bb\u00a0\u00bb] Deglet Nour \u2013 La Reine des Dattes Tunisiennes &#8230; <\/p>\n","protected":false},"author":1,"featured_media":0,"parent":0,"menu_order":0,"comment_status":"closed","ping_status":"closed","template":"","meta":{"footnotes":""},"yst_prominent_words":[],"class_list":["post-1666","page","type-page","status-publish","hentry"],"_links":{"self":[{"href":"https:\/\/suncrown-trading.com\/fr\/wp-json\/wp\/v2\/pages\/1666","targetHints":{"allow":["GET"]}}],"collection":[{"href":"https:\/\/suncrown-trading.com\/fr\/wp-json\/wp\/v2\/pages"}],"about":[{"href":"https:\/\/suncrown-trading.com\/fr\/wp-json\/wp\/v2\/types\/page"}],"author":[{"embeddable":true,"href":"https:\/\/suncrown-trading.com\/fr\/wp-json\/wp\/v2\/users\/1"}],"replies":[{"embeddable":true,"href":"https:\/\/suncrown-trading.com\/fr\/wp-json\/wp\/v2\/comments?post=1666"}],"version-history":[{"count":26,"href":"https:\/\/suncrown-trading.com\/fr\/wp-json\/wp\/v2\/pages\/1666\/revisions"}],"predecessor-version":[{"id":1669,"href":"https:\/\/suncrown-trading.com\/fr\/wp-json\/wp\/v2\/pages\/1666\/revisions\/1669"}],"wp:attachment":[{"href":"https:\/\/suncrown-trading.com\/fr\/wp-json\/wp\/v2\/media?parent=1666"}],"wp:term":[{"taxonomy":"yst_prominent_words","embeddable":true,"href":"https:\/\/suncrown-trading.com\/fr\/wp-json\/wp\/v2\/yst_prominent_words?post=1666"}],"curies":[{"name":"wp","href":"https:\/\/api.w.org\/{rel}","templated":true}]}}