{"id":1646,"date":"2025-10-11T17:58:17","date_gmt":"2025-10-11T15:58:17","guid":{"rendered":"https:\/\/suncrown-trading.com\/?page_id=1646"},"modified":"2025-10-13T21:39:50","modified_gmt":"2025-10-13T19:39:50","slug":"nos-produits","status":"publish","type":"page","link":"https:\/\/suncrown-trading.com\/fr\/nos-produits\/","title":{"rendered":"Nos produits"},"content":{"rendered":"<div class=\"wpb-content-wrapper\"><p>[vc_row full_width=\u00a0\u00bbstretch_row\u00a0\u00bb el_class=\u00a0\u00bbbg_p1&Prime; css=\u00a0\u00bb.vc_custom_1760177094901{background-color: #060931 !important;}\u00a0\u00bb][vc_column]<div class=\"cz_gap clr  hide_on_mobile\" style=\"height: 70px\"><\/div><div class=\"cz_gap show_on_mobile clr\" style=\"height: 80px\"><\/div><div id=\"cz_36737\" class=\"cz_36737 cz_title clr cz_mobile_text_center cz_title_pos_inline\"><div class=\"cz_title_content\"><div class=\"cz_wpe_content\"><h2 style=\"margin-bottom: 15px;\">D\u00e9couvrez <span style=\"color: #d1a761;\">nos produits<\/span><\/h2>\n<p style=\"color: #fff;\">Chez SunCrown Trading, nous sommes fiers de partager avec le monde la richesse et la diversit\u00e9 des dattes tunisiennes. Issues des oasis du sud tunisien \u2014 Tozeur, K\u00e9bili et Douz \u2014 nos dattes incarnent la puret\u00e9 du d\u00e9sert, la g\u00e9n\u00e9rosit\u00e9 du soleil et le savoir-faire ancestral des producteurs tunisiens.<br \/>\nNous proposons une large gamme de vari\u00e9t\u00e9s, s\u00e9lectionn\u00e9es avec soin pour r\u00e9pondre \u00e0 tous les besoins : consommation directe, industrie agroalimentaire, ou distribution internationale.<\/p>\n<\/div><\/div><\/div><div class=\"cz_gap clr  hide_on_mobile\" style=\"height: 30px\"><\/div><div class=\"cz_gap show_on_mobile clr\" style=\"height: 30px\"><\/div>[vc_row_inner][vc_column_inner width=\u00a0\u00bb1\/4&Prime;]<a href=\"\/deglet-nour\"><div id=\"cz_61905\" class=\"cz_61905 services clr style11 cz_sbi_fx_0 services_b img_full\"><div class=\"service_img\"><img decoding=\"async\" width=\"680\" height=\"680\" src=\"https:\/\/suncrown-trading.com\/wp-content\/uploads\/2025\/10\/Deglet-Nour-tunisienne-en-branche-1.webp\" class=\"service-icon attachment-full\" alt=\"Deglet Nour tunisienne en branche\" title=\"Deglet-Nour-tunisienne-en-branche\" srcset=\"https:\/\/suncrown-trading.com\/wp-content\/uploads\/2025\/10\/Deglet-Nour-tunisienne-en-branche-1.webp 680w, https:\/\/suncrown-trading.com\/wp-content\/uploads\/2025\/10\/Deglet-Nour-tunisienne-en-branche-1-300x300.webp 300w, https:\/\/suncrown-trading.com\/wp-content\/uploads\/2025\/10\/Deglet-Nour-tunisienne-en-branche-1-150x150.webp 150w, https:\/\/suncrown-trading.com\/wp-content\/uploads\/2025\/10\/Deglet-Nour-tunisienne-en-branche-1-600x600.webp 600w\" sizes=\"(max-width: 680px) 100vw, 680px\" \/><\/div><div class=\"service_text\"><h3>Deglet nour \u2013 La reine des dattes Tunisiennes<\/h3><div class=\"cz_wpe_content\">Symbole du patrimoine Tunisien, la Deglet Nour est r\u00e9put\u00e9e mondialement&#8230;<\/div><div href=\"\/deglet-nour\" class=\"cz_btn\">VOIR PLUS<\/div><\/div><\/div><\/a>[\/vc_column_inner][vc_column_inner width=\u00a0\u00bb1\/4&Prime;]<a href=\"\/dattes-conditionnees\/\"><div id=\"cz_92841\" class=\"cz_92841 services clr style11 cz_sbi_fx_0 services_b img_full\"><div class=\"service_img\"><img decoding=\"async\" width=\"680\" height=\"680\" src=\"https:\/\/suncrown-trading.com\/wp-content\/uploads\/2025\/10\/deglet-nour-dattes-tunisie.webp\" class=\"service-icon attachment-full\" alt=\"Deglet Nour\" title=\"deglet-nour-dattes-tunisie\" srcset=\"https:\/\/suncrown-trading.com\/wp-content\/uploads\/2025\/10\/deglet-nour-dattes-tunisie.webp 680w, https:\/\/suncrown-trading.com\/wp-content\/uploads\/2025\/10\/deglet-nour-dattes-tunisie-300x300.webp 300w, https:\/\/suncrown-trading.com\/wp-content\/uploads\/2025\/10\/deglet-nour-dattes-tunisie-150x150.webp 150w, https:\/\/suncrown-trading.com\/wp-content\/uploads\/2025\/10\/deglet-nour-dattes-tunisie-600x600.webp 600w\" sizes=\"(max-width: 680px) 100vw, 680px\" \/><\/div><div class=\"service_text\"><h3>Dattes conditionn\u00e9es<\/h3><div class=\"cz_wpe_content\">Dattes tunisiennes de qualit\u00e9 sup\u00e9rieure, soigneusement s\u00e9lectionn\u00e9es et conditionn\u00e9es dans des raviers&#8230;<\/div><div href=\"\/dattes-conditionnees\/\" class=\"cz_btn\">VOIR PLUS<\/div><\/div><\/div><\/a>[\/vc_column_inner][vc_column_inner width=\u00a0\u00bb1\/4&Prime;]<a href=\"\/kenta\"><div id=\"cz_94433\" class=\"cz_94433 services clr style11 cz_sbi_fx_0 services_b img_full\"><div class=\"service_img\"><img decoding=\"async\" width=\"600\" height=\"600\" src=\"https:\/\/suncrown-trading.com\/wp-content\/uploads\/2025\/10\/datte-vrac-Bulk-dates-Tunisie.webp\" class=\"service-icon attachment-full\" alt=\"datte-vrac-Bulk-dates-Tunisie\" title=\"datte-vrac-Bulk-dates-Tunisie\" srcset=\"https:\/\/suncrown-trading.com\/wp-content\/uploads\/2025\/10\/datte-vrac-Bulk-dates-Tunisie.webp 600w, https:\/\/suncrown-trading.com\/wp-content\/uploads\/2025\/10\/datte-vrac-Bulk-dates-Tunisie-300x300.webp 300w, https:\/\/suncrown-trading.com\/wp-content\/uploads\/2025\/10\/datte-vrac-Bulk-dates-Tunisie-150x150.webp 150w, https:\/\/suncrown-trading.com\/wp-content\/uploads\/2025\/10\/datte-vrac-Bulk-dates-Tunisie-100x100.webp 100w\" sizes=\"(max-width: 600px) 100vw, 600px\" \/><\/div><div class=\"service_text\"><h3>Kenta \u2013 La douce et l\u00e9g\u00e8re<\/h3><div class=\"cz_wpe_content\">La Kenta est une datte tendre \u00e0 la saveur douce et subtile, r\u00e9colt\u00e9e en d\u00e9but de saison&#8230;.<\/div><div href=\"\/kenta\" class=\"cz_btn\">VOIR PLUS<\/div><\/div><\/div><\/a>[\/vc_column_inner][vc_column_inner width=\u00a0\u00bb1\/4&Prime;]<a href=\"\/allig\"><div id=\"cz_78596\" class=\"cz_78596 services clr style11 cz_sbi_fx_0 services_b img_full\"><div class=\"service_img\"><img decoding=\"async\" width=\"680\" height=\"680\" src=\"https:\/\/suncrown-trading.com\/wp-content\/uploads\/2025\/10\/dattes-allig-tunisie.webp\" class=\"service-icon attachment-full\" alt=\"dattes-allig-tunisie\" title=\"dattes-allig-tunisie\" srcset=\"https:\/\/suncrown-trading.com\/wp-content\/uploads\/2025\/10\/dattes-allig-tunisie.webp 680w, https:\/\/suncrown-trading.com\/wp-content\/uploads\/2025\/10\/dattes-allig-tunisie-300x300.webp 300w, https:\/\/suncrown-trading.com\/wp-content\/uploads\/2025\/10\/dattes-allig-tunisie-150x150.webp 150w, https:\/\/suncrown-trading.com\/wp-content\/uploads\/2025\/10\/dattes-allig-tunisie-600x600.webp 600w\" sizes=\"(max-width: 680px) 100vw, 680px\" \/><\/div><div class=\"service_text\"><h3>Allig \u2013 L\u2019\u00c9quilibre Parfait<\/h3><div class=\"cz_wpe_content\">La Allig est une vari\u00e9t\u00e9 semi-s\u00e8che, de couleur brune fonc\u00e9e et d\u2019une richesse&#8230;<\/div><div href=\"\/allig\" class=\"cz_btn\">VOIR PLUS<\/div><\/div><\/div><\/a>[\/vc_column_inner][\/vc_row_inner][vc_row_inner][vc_column_inner width=\u00a0\u00bb3\/12&Prime;]<a href=\"\/khouat-allig\"><div id=\"cz_101838\" class=\"cz_101838 services clr style11 cz_sbi_fx_0 services_b img_full\"><div class=\"service_img\"><img decoding=\"async\" width=\"600\" height=\"600\" src=\"https:\/\/suncrown-trading.com\/wp-content\/uploads\/2025\/10\/Datte-branchee-Branch-dates-Tunisia.webp\" class=\"service-icon attachment-full\" alt=\"Datte-branchee-Branch-dates-Tunisia\" title=\"Datte-branchee-Branch-dates-Tunisia\" srcset=\"https:\/\/suncrown-trading.com\/wp-content\/uploads\/2025\/10\/Datte-branchee-Branch-dates-Tunisia.webp 600w, https:\/\/suncrown-trading.com\/wp-content\/uploads\/2025\/10\/Datte-branchee-Branch-dates-Tunisia-300x300.webp 300w, https:\/\/suncrown-trading.com\/wp-content\/uploads\/2025\/10\/Datte-branchee-Branch-dates-Tunisia-150x150.webp 150w, https:\/\/suncrown-trading.com\/wp-content\/uploads\/2025\/10\/Datte-branchee-Branch-dates-Tunisia-100x100.webp 100w\" sizes=\"(max-width: 600px) 100vw, 600px\" \/><\/div><div class=\"service_text\"><h3>Khouat allig \u2013 La s\u0153ur raffin\u00e9e<\/h3><div class=\"cz_wpe_content\">Proche de la vari\u00e9t\u00e9 Allig mais plus fine et plus sucr\u00e9e, la Khouat Allig est une datte semi-s\u00e8che&#8230;<\/div><div href=\"\/khouat-allig\" class=\"cz_btn\">VOIR PLUS<\/div><\/div><\/div><\/a>[\/vc_column_inner][vc_column_inner width=\u00a0\u00bb3\/12&Prime;]<a href=\"\/kentichi\"><div id=\"cz_84210\" class=\"cz_84210 services clr style11 cz_sbi_fx_0 services_b img_full\"><div class=\"service_img\"><img decoding=\"async\" width=\"680\" height=\"680\" src=\"https:\/\/suncrown-trading.com\/wp-content\/uploads\/2025\/10\/kentichi-dattes-tunisie.webp\" class=\"service-icon attachment-full\" alt=\"kentichi-dattes-tunisie\" title=\"kentichi-dattes-tunisie\" srcset=\"https:\/\/suncrown-trading.com\/wp-content\/uploads\/2025\/10\/kentichi-dattes-tunisie.webp 680w, https:\/\/suncrown-trading.com\/wp-content\/uploads\/2025\/10\/kentichi-dattes-tunisie-300x300.webp 300w, https:\/\/suncrown-trading.com\/wp-content\/uploads\/2025\/10\/kentichi-dattes-tunisie-150x150.webp 150w, https:\/\/suncrown-trading.com\/wp-content\/uploads\/2025\/10\/kentichi-dattes-tunisie-600x600.webp 600w\" sizes=\"(max-width: 680px) 100vw, 680px\" \/><\/div><div class=\"service_text\"><h3>Kentichi \u2013 L\u2019\u00e9nerg\u00e9tique naturelle<\/h3><div class=\"cz_wpe_content\">Vari\u00e9t\u00e9 populaire dans le sud tunisien, la Kentichi est une datte s\u00e8che, tr\u00e8s \u00e9nerg\u00e9tique&#8230;<\/div><div href=\"\/kentichi\" class=\"cz_btn\">VOIR PLUS<\/div><\/div><\/div><\/a>[\/vc_column_inner][vc_column_inner el_class=\u00a0\u00bbwhite_txt\u00a0\u00bb width=\u00a0\u00bb6\/12&Prime;]<div id=\"cz_40393\" class=\"cz_40393 services clr style1 services_b\"><div class=\"service_custom\"><\/div><div class=\"service_text\"><h3>Autres vari\u00e9t\u00e9s et produits d\u00e9riv\u00e9s<\/h3><div class=\"cz_wpe_content\">SunCrown Trading propose \u00e9galement d\u2019autres vari\u00e9t\u00e9s locales et des produits d\u00e9riv\u00e9s issus de la datte tunisienne :<\/div><\/div><\/div><ul id=\"cz_68947\" class=\"cz_68947 cz_stylish_list clr cz_sl_icon_hover_zoom_in\"><li class=\"clr\"><div class=\"cz_sl_icon\"><i class=\"fa czico-074-tick-inside-circle mr10\" ><\/i><\/div><div><span>Sirop de dattes naturel et concentr\u00e9<\/span><\/div><\/li><li class=\"clr\"><div class=\"cz_sl_icon\"><i class=\"fa czico-074-tick-inside-circle mr10\" ><\/i><\/div><div><span>P\u00e2te de dattes pure et pr\u00eate \u00e0 l\u2019emploi<\/span><\/div><\/li><li class=\"clr\"><div class=\"cz_sl_icon\"><i class=\"fa czico-074-tick-inside-circle mr10\" ><\/i><\/div><div><span>Farine et poudre de dattes pour applications p\u00e2tissi\u00e8res et nutritionnelles<\/span><\/div><\/li><li class=\"clr\"><div class=\"cz_sl_icon\"><i class=\"fa czico-074-tick-inside-circle mr10\" ><\/i><\/div><div><span>Dattes hach\u00e9es pour les industries de confiserie<\/span><\/div><\/li><li class=\"clr\"><div class=\"cz_sl_icon\"><i class=\"fa czico-074-tick-inside-circle mr10\" ><\/i><\/div><div><span>Produits BIO et sans additifs chimiques selon les demandes clients.<\/span><\/div><\/li><\/ul>[\/vc_column_inner][\/vc_row_inner]<div class=\"cz_gap clr  hide_on_mobile\" style=\"height: 35px\"><\/div><div class=\"cz_gap show_on_mobile clr\" style=\"height: 35px\"><\/div>[\/vc_column][\/vc_row]<\/p>\n<\/div>","protected":false},"excerpt":{"rendered":"<p>[vc_row full_width=\u00a0\u00bbstretch_row\u00a0\u00bb el_class=\u00a0\u00bbbg_p1&Prime; css=\u00a0\u00bb.vc_custom_1760177094901{background-color: #060931 !important;}\u00a0\u00bb][vc_column][vc_row_inner][vc_column_inner width=\u00a0\u00bb1\/4&Prime;][\/vc_column_inner][vc_column_inner width=\u00a0\u00bb1\/4&Prime;][\/vc_column_inner][vc_column_inner width=\u00a0\u00bb1\/4&Prime;][\/vc_column_inner][vc_column_inner width=\u00a0\u00bb1\/4&Prime;][\/vc_column_inner][\/vc_row_inner][vc_row_inner][vc_column_inner width=\u00a0\u00bb3\/12&Prime;][\/vc_column_inner][vc_column_inner &#8230; <\/p>\n","protected":false},"author":1,"featured_media":0,"parent":0,"menu_order":0,"comment_status":"closed","ping_status":"closed","template":"","meta":{"footnotes":""},"yst_prominent_words":[],"class_list":["post-1646","page","type-page","status-publish","hentry"],"_links":{"self":[{"href":"https:\/\/suncrown-trading.com\/fr\/wp-json\/wp\/v2\/pages\/1646","targetHints":{"allow":["GET"]}}],"collection":[{"href":"https:\/\/suncrown-trading.com\/fr\/wp-json\/wp\/v2\/pages"}],"about":[{"href":"https:\/\/suncrown-trading.com\/fr\/wp-json\/wp\/v2\/types\/page"}],"author":[{"embeddable":true,"href":"https:\/\/suncrown-trading.com\/fr\/wp-json\/wp\/v2\/users\/1"}],"replies":[{"embeddable":true,"href":"https:\/\/suncrown-trading.com\/fr\/wp-json\/wp\/v2\/comments?post=1646"}],"version-history":[{"count":20,"href":"https:\/\/suncrown-trading.com\/fr\/wp-json\/wp\/v2\/pages\/1646\/revisions"}],"predecessor-version":[{"id":2151,"href":"https:\/\/suncrown-trading.com\/fr\/wp-json\/wp\/v2\/pages\/1646\/revisions\/2151"}],"wp:attachment":[{"href":"https:\/\/suncrown-trading.com\/fr\/wp-json\/wp\/v2\/media?parent=1646"}],"wp:term":[{"taxonomy":"yst_prominent_words","embeddable":true,"href":"https:\/\/suncrown-trading.com\/fr\/wp-json\/wp\/v2\/yst_prominent_words?post=1646"}],"curies":[{"name":"wp","href":"https:\/\/api.w.org\/{rel}","templated":true}]}}