{"id":1639,"date":"2025-10-11T17:45:36","date_gmt":"2025-10-11T15:45:36","guid":{"rendered":"https:\/\/suncrown-trading.com\/?page_id=1639"},"modified":"2025-10-11T23:43:08","modified_gmt":"2025-10-11T21:43:08","slug":"a-propos","status":"publish","type":"page","link":"https:\/\/suncrown-trading.com\/fr\/a-propos\/","title":{"rendered":"\u00c0 propos"},"content":{"rendered":"<div class=\"wpb-content-wrapper\"><p>[vc_row][vc_column width=\u00a0\u00bb1\/2&Prime;][vc_column_text css=\u00a0\u00bb\u00a0\u00bb]<\/p>\n<h2>\u00c0 propos <span style=\"color: #d1a761;\">SunCrown Trading<\/span><\/h2>\n<p>SunCrown Trading est une soci\u00e9t\u00e9 de commerce international sp\u00e9cialis\u00e9e dans l\u2019exportation des dattes tunisiennes, en partenariat avec des usines certifi\u00e9es selon les normes les plus strictes de qualit\u00e9 et de s\u00e9curit\u00e9 alimentaire, incluant des unit\u00e9s de transformation agr\u00e9\u00e9es en biologique.<\/p>\n<p>Notre r\u00f4le est d\u2019assurer la ma\u00eetrise compl\u00e8te de la cha\u00eene d\u2019approvisionnement, depuis le palmier et l\u2019agriculteur jusqu\u2019au client, en veillant rigoureusement au respect des proc\u00e9dures, \u00e0 la tra\u00e7abilit\u00e9 des produits et \u00e0 la conformit\u00e9 avec les exigences internationales.[\/vc_column_text][\/vc_column][vc_column width=\u00a0\u00bb1\/2&Prime;]<div id=\"cz_64995\" class=\"cz_64995 cz_image clr cz_image_no_fx center_on_mobile\"><div class=\"\" ><div class=\"cz_image_in\"><div class=\"cz_main_image\"><img decoding=\"async\" width=\"600\" height=\"400\" src=\"https:\/\/suncrown-trading.com\/wp-content\/uploads\/2024\/06\/dattes.jpg\" class=\"attachment-full\" alt=\"dattes\" title=\"dattes\" srcset=\"https:\/\/suncrown-trading.com\/wp-content\/uploads\/2024\/06\/dattes.jpg 600w, https:\/\/suncrown-trading.com\/wp-content\/uploads\/2024\/06\/dattes-300x200.jpg 300w\" sizes=\"(max-width: 600px) 100vw, 600px\" \/><\/div><\/div><\/div><\/div>[\/vc_column][\/vc_row][vc_row][vc_column]<div class=\"cz_gap clr \" style=\"height: 35px\"><\/div>[vc_column_text css=\u00a0\u00bb\u00a0\u00bb]Notre entreprise se consacre \u00e0 la collecte, la valorisation et l\u2019exportation de toutes les vari\u00e9t\u00e9s de dattes tunisiennes, qu\u2019elles soient destin\u00e9es \u00e0 la consommation directe, \u00e0 la transformation ou \u00e0 la distribution mondiale.<br \/>\nChaque datte que nous s\u00e9lectionnons est le reflet d\u2019un terroir unique et d\u2019un savoir-faire transmis \u00e0 travers les g\u00e9n\u00e9rations \u2014 un h\u00e9ritage que nous avons choisi d\u2019honorer avec rigueur et passion.[\/vc_column_text]<div class=\"cz_gap clr \" style=\"height: 10px\"><\/div>[\/vc_column][\/vc_row][vc_row][vc_column]<div id=\"cz_22040\" class=\"cz_22040 services clr style11 cz_sbi_fx_0 left\"><div class=\"service_img\"><img decoding=\"async\" width=\"150\" height=\"150\" src=\"https:\/\/suncrown-trading.com\/wp-content\/uploads\/2025\/10\/mission.png\" class=\"service-icon attachment-full\" alt=\"mission\" title=\"mission\" \/><\/div><div class=\"service_text\"><h3>Notre mission<\/h3><div class=\"cz_wpe_content\">Promouvoir la Tunisie \u00e0 travers l\u2019un de ses joyaux les plus nobles : la datte.<br \/>\nNous nous engageons \u00e0 valoriser la diversit\u00e9 tunisienne et \u00e0 offrir aux march\u00e9s internationaux un produit respectueux des traditions, conforme aux exigences modernes et capable de satisfaire les consommateurs les plus attentifs \u00e0 la qualit\u00e9, \u00e0 la tra\u00e7abilit\u00e9 et \u00e0 la durabilit\u00e9.<\/p>\n<p>Nous \u0153uvrons \u00e0 cr\u00e9er un pont entre la tradition et le commerce mondial, en rapprochant les producteurs tunisiens des acteurs internationaux, dans un esprit de transparence et de performance partag\u00e9e.<\/div><\/div><\/div><div class=\"cz_gap clr \" style=\"height: 55px\"><\/div>[\/vc_column][\/vc_row][vc_row][vc_column width=\u00a0\u00bb1\/2&Prime;]<div id=\"cz_46860\" class=\"cz_46860 cz_image clr cz_image_no_fx center_on_mobile\"><div class=\"\" ><div class=\"cz_image_in\"><div class=\"cz_main_image\"><img decoding=\"async\" width=\"800\" height=\"806\" src=\"https:\/\/suncrown-trading.com\/wp-content\/uploads\/2025\/10\/degla-variations-tunisie-1.webp\" class=\"attachment-full\" alt=\"degla-variations-tunisie\" title=\"degla-variations-tunisie\" srcset=\"https:\/\/suncrown-trading.com\/wp-content\/uploads\/2025\/10\/degla-variations-tunisie-1.webp 800w, https:\/\/suncrown-trading.com\/wp-content\/uploads\/2025\/10\/degla-variations-tunisie-1-298x300.webp 298w, https:\/\/suncrown-trading.com\/wp-content\/uploads\/2025\/10\/degla-variations-tunisie-1-150x150.webp 150w, https:\/\/suncrown-trading.com\/wp-content\/uploads\/2025\/10\/degla-variations-tunisie-1-768x774.webp 768w, https:\/\/suncrown-trading.com\/wp-content\/uploads\/2025\/10\/degla-variations-tunisie-1-600x605.webp 600w\" sizes=\"(max-width: 800px) 100vw, 800px\" \/><\/div><\/div><\/div><\/div>[\/vc_column][vc_column width=\u00a0\u00bb1\/2&Prime;]<div id=\"cz_109277\" class=\"cz_109277 services clr style11 cz_sbi_fx_0 left\"><div class=\"service_img\"><img decoding=\"async\" width=\"150\" height=\"150\" src=\"https:\/\/suncrown-trading.com\/wp-content\/uploads\/2025\/10\/valeurs.png\" class=\"service-icon attachment-full\" alt=\"valeurs\" title=\"valeurs\" \/><\/div><div class=\"service_text\"><h3>Nos valeurs fondamentales<\/h3><div class=\"cz_wpe_content\">Voici ce qui guide notre engagement au quotidien :<\/div><\/div><\/div><div class=\"cz_gap clr \" style=\"height: 25px\"><\/div><ul id=\"cz_80765\" class=\"cz_80765 cz_stylish_list clr cz_sl_icon_hover_zoom_in padd_left with_title\"><li class=\"clr\"><div class=\"cz_sl_icon\"><i class=\"fa czico-074-tick-inside-circle mr10\" ><\/i><\/div><div><span>Authenticit\u00e9 et h\u00e9ritage<small>Nous d\u00e9fendons une production ancr\u00e9e dans la culture tunisienne, reflet d\u2019un savoir-faire agricole unique et d\u2019un respect profond de la nature.<\/small><\/span><\/div><\/li><li class=\"clr\"><div class=\"cz_sl_icon\"><i class=\"fa czico-074-tick-inside-circle mr10\" ><\/i><\/div><div><span>Engagement et fiabilit\u00e9<small>La confiance de nos partenaires est notre capital le plus pr\u00e9cieux. Chaque op\u00e9ration est men\u00e9e avec s\u00e9rieux, exactitude et responsabilit\u00e9.<\/small><\/span><\/div><\/li><li class=\"clr\"><div class=\"cz_sl_icon\"><i class=\"fa czico-074-tick-inside-circle mr10\" ><\/i><\/div><div><span>Esprit d\u2019ouverture<small>Nous croyons au dialogue entre les march\u00e9s, \u00e0 la coop\u00e9ration interculturelle et \u00e0 la valorisation du produit tunisien dans sa diversit\u00e9 mondiale.<\/small><\/span><\/div><\/li><li class=\"clr\"><div class=\"cz_sl_icon\"><i class=\"fa czico-074-tick-inside-circle mr10\" ><\/i><\/div><div><span>Responsabilit\u00e9 durable<small>Nos pratiques soutiennent les producteurs locaux, encouragent une agriculture raisonn\u00e9e et respectent les ressources naturelles.<\/small><\/span><\/div><\/li><li class=\"clr\"><div class=\"cz_sl_icon\"><i class=\"fa czico-074-tick-inside-circle mr10\" ><\/i><\/div><div><span>Innovation ma\u00eetris\u00e9e<small>En int\u00e9grant des solutions logistiques et commerciales modernes, nous offrons des services efficaces tout en pr\u00e9servant l\u2019authenticit\u00e9 du produit.<\/small><\/span><\/div><\/li><\/ul>[\/vc_column][\/vc_row][vc_row full_width=\u00a0\u00bbstretch_row\u00a0\u00bb css=\u00a0\u00bb.vc_custom_1749732368014{background-color: #FFFFFF !important;background-position: 0 0 !important;background-repeat: no-repeat !important;}\u00a0\u00bb][vc_column]<div class=\"cz_gap clr \" style=\"height: 50px\"><\/div><div id=\"cz_80286\" class=\"cz_80286 services clr style11 cz_sbi_fx_0 left\"><div class=\"service_img\"><img decoding=\"async\" width=\"150\" height=\"150\" src=\"https:\/\/suncrown-trading.com\/wp-content\/uploads\/2025\/10\/politiques.png\" class=\"service-icon attachment-full\" alt=\"politiques\" title=\"politiques\" \/><\/div><div class=\"service_text\"><h3>Notre politique commerciale<\/h3><div class=\"cz_wpe_content\">La politique de SunCrown Trading repose sur trois piliers :<br \/>\nla transparence, la performance et la fid\u00e9lisation.<\/p>\n<p>Nous construisons des partenariats bas\u00e9s sur une communication claire, une ex\u00e9cution fiable et une r\u00e9activit\u00e9 constante. Notre objectif est d\u2019accompagner nos clients \u00e0 long terme, en leur assurant un approvisionnement stable, des produits conformes \u00e0 leurs attentes, et une logistique optimis\u00e9e adapt\u00e9e \u00e0 chaque march\u00e9.<\/p>\n<p>Nous travaillons en collaboration \u00e9troite avec les producteurs tunisiens pour maintenir la qualit\u00e9, la fra\u00eecheur et l\u2019int\u00e9grit\u00e9 des dattes tout au long de la cha\u00eene d\u2019exportation \u2014 de la palmeraie jusqu\u2019au client final.<br \/>\nNotre politique s\u2019appuie sur une vision durable : faire de la datte tunisienne une r\u00e9f\u00e9rence internationale, non seulement par sa qualit\u00e9 gustative, mais aussi par les valeurs humaines et professionnelles qu\u2019elle incarne.<\/div><\/div><\/div><div class=\"cz_gap clr \" style=\"height: 40px\"><\/div>[\/vc_column][\/vc_row][vc_row full_width=\u00a0\u00bbstretch_row\u00a0\u00bb css=\u00a0\u00bb.vc_custom_1749732368014{background-color: #FFFFFF !important;background-position: 0 0 !important;background-repeat: no-repeat !important;}\u00a0\u00bb][vc_column]<div id=\"cz_108599\" class=\"cz_108599 services clr style11 cz_sbi_fx_0 left\"><div class=\"service_img\"><img decoding=\"async\" width=\"150\" height=\"150\" src=\"https:\/\/suncrown-trading.com\/wp-content\/uploads\/2025\/10\/objectifs.png\" class=\"service-icon attachment-full\" alt=\"objectifs\" title=\"objectifs\" \/><\/div><div class=\"service_text\"><h3>Notre vision et nos objectifs<\/h3><div class=\"cz_wpe_content\">\u00catre un acteur de confiance et de r\u00e9f\u00e9rence dans le commerce international des dattes tunisiennes, en combinant les forces du patrimoine agricole tunisien avec les standards contemporains du commerce mondial.<\/p>\n<p>Nous visons \u00e0 :<\/div><\/div><\/div><div class=\"cz_gap clr \" style=\"height: 25px\"><\/div><ul id=\"cz_43958\" class=\"cz_43958 cz_stylish_list clr cz_sl_icon_hover_zoom_in padd_left\"><li class=\"clr\"><div class=\"cz_sl_icon\"><i class=\"fa czico-074-tick-inside-circle mr10\" ><\/i><\/div><div><span>\u00c9tendre la pr\u00e9sence de la datte tunisienne sur les principaux march\u00e9s internationaux<\/span><\/div><\/li><li class=\"clr\"><div class=\"cz_sl_icon\"><i class=\"fa czico-074-tick-inside-circle mr10\" ><\/i><\/div><div><span>Promouvoir la diversit\u00e9 vari\u00e9tale tunisienne aupr\u00e8s des consommateurs et distributeurs \u00e9trangers<\/span><\/div><\/li><li class=\"clr\"><div class=\"cz_sl_icon\"><i class=\"fa czico-074-tick-inside-circle mr10\" ><\/i><\/div><div><span>Soutenir les producteurs locaux dans la valorisation de leurs r\u00e9coltes \u00e0 travers des d\u00e9bouch\u00e9s export solides et \u00e9quitables<\/span><\/div><\/li><li class=\"clr\"><div class=\"cz_sl_icon\"><i class=\"fa czico-074-tick-inside-circle mr10\" ><\/i><\/div><div><span>D\u00e9velopper des relations de partenariat durables fond\u00e9es sur la confiance, la transparence et la satisfaction mutuelle.<\/span><\/div><\/li><\/ul>[\/vc_column][\/vc_row]<\/p>\n<\/div>","protected":false},"excerpt":{"rendered":"<p>[vc_row][vc_column width=\u00a0\u00bb1\/2&Prime;][vc_column_text css=\u00a0\u00bb\u00a0\u00bb] \u00c0 propos SunCrown Trading SunCrown Trading est une &#8230; <\/p>\n","protected":false},"author":1,"featured_media":0,"parent":0,"menu_order":0,"comment_status":"closed","ping_status":"closed","template":"","meta":{"footnotes":""},"yst_prominent_words":[],"class_list":["post-1639","page","type-page","status-publish","hentry"],"_links":{"self":[{"href":"https:\/\/suncrown-trading.com\/fr\/wp-json\/wp\/v2\/pages\/1639","targetHints":{"allow":["GET"]}}],"collection":[{"href":"https:\/\/suncrown-trading.com\/fr\/wp-json\/wp\/v2\/pages"}],"about":[{"href":"https:\/\/suncrown-trading.com\/fr\/wp-json\/wp\/v2\/types\/page"}],"author":[{"embeddable":true,"href":"https:\/\/suncrown-trading.com\/fr\/wp-json\/wp\/v2\/users\/1"}],"replies":[{"embeddable":true,"href":"https:\/\/suncrown-trading.com\/fr\/wp-json\/wp\/v2\/comments?post=1639"}],"version-history":[{"count":25,"href":"https:\/\/suncrown-trading.com\/fr\/wp-json\/wp\/v2\/pages\/1639\/revisions"}],"predecessor-version":[{"id":1833,"href":"https:\/\/suncrown-trading.com\/fr\/wp-json\/wp\/v2\/pages\/1639\/revisions\/1833"}],"wp:attachment":[{"href":"https:\/\/suncrown-trading.com\/fr\/wp-json\/wp\/v2\/media?parent=1639"}],"wp:term":[{"taxonomy":"yst_prominent_words","embeddable":true,"href":"https:\/\/suncrown-trading.com\/fr\/wp-json\/wp\/v2\/yst_prominent_words?post=1639"}],"curies":[{"name":"wp","href":"https:\/\/api.w.org\/{rel}","templated":true}]}}